{"id":76248,"date":"2024-10-07T18:10:19","date_gmt":"2024-10-07T16:10:19","guid":{"rendered":"https:\/\/www.sercore.com\/?page_id=76248"},"modified":"2025-05-30T22:33:05","modified_gmt":"2025-05-30T20:33:05","slug":"qualite-et-environnement","status":"publish","type":"page","link":"https:\/\/www.sercore.com\/fr\/qualite-et-environnement\/","title":{"rendered":"Qualit\u00e9 et Environnement"},"content":{"rendered":"<div class=\"wpb-content-wrapper\"><p>[vc_row row_height_percent=\u00a0\u00bb0&Prime; back_image=\u00a0\u00bb76254&Prime; back_repeat=\u00a0\u00bbno-repeat\u00a0\u00bb back_position=\u00a0\u00bbright center\u00a0\u00bb overlay_alpha=\u00a0\u00bb0&Prime; gutter_size=\u00a0\u00bb3&Prime; column_width_percent=\u00a0\u00bb100&Prime; shift_y=\u00a0\u00bb0&Prime; z_index=\u00a0\u00bb0&Prime; medium_visibility=\u00a0\u00bbyes\u00a0\u00bb mobile_visibility=\u00a0\u00bbyes\u00a0\u00bb content_parallax=\u00a0\u00bb0&Prime; uncode_shortcode_id=\u00a0\u00bb973660&Prime; row_height_pixel=\u00a0\u00bb500px\u00a0\u00bb][vc_column column_width_percent=\u00a0\u00bb100&Prime; position_vertical=\u00a0\u00bbmiddle\u00a0\u00bb gutter_size=\u00a0\u00bb3&Prime; overlay_alpha=\u00a0\u00bb50&Prime; shift_x=\u00a0\u00bb0&Prime; shift_y=\u00a0\u00bb0&Prime; shift_y_down=\u00a0\u00bb0&Prime; z_index=\u00a0\u00bb0&Prime; medium_width=\u00a0\u00bb0&Prime; mobile_width=\u00a0\u00bb0&Prime; width=\u00a0\u00bb2\/3&Prime; css=\u00a0\u00bb.vc_custom_1727464811739{padding-top: 50px !important;}\u00a0\u00bb uncode_shortcode_id=\u00a0\u00bb338071&Prime;][vc_single_image media=\u00a0\u00bb73381&Prime; media_width_percent=\u00a0\u00bb24&Prime; uncode_shortcode_id=\u00a0\u00bb144331&Prime;][vc_custom_heading text_color=\u00a0\u00bbcolor-xsdn\u00a0\u00bb heading_semantic=\u00a0\u00bbh1&Prime; text_font=\u00a0\u00bbfont-188119&Prime; text_size=\u00a0\u00bbfontsize-45&Prime; text_weight=\u00a0\u00bb900&Prime; text_transform=\u00a0\u00bbuppercase\u00a0\u00bb text_height=\u00a0\u00bb\u00a0\u00bb text_space=\u00a0\u00bb\u00a0\u00bb uncode_shortcode_id=\u00a0\u00bb497723&Prime; text_color_type=\u00a0\u00bbuncode-palette\u00a0\u00bb]Qualit\u00e9 et Environnement[\/vc_custom_heading][\/vc_column][\/vc_row][vc_row row_height_percent=\u00a0\u00bb0&Prime; back_image=\u00a0\u00bb76254&Prime; back_repeat=\u00a0\u00bbno-repeat\u00a0\u00bb back_position=\u00a0\u00bbright center\u00a0\u00bb overlay_color=\u00a0\u00bbcolor-jevc\u00a0\u00bb overlay_alpha=\u00a0\u00bb45&Prime; gutter_size=\u00a0\u00bb3&Prime; column_width_percent=\u00a0\u00bb100&Prime; shift_y=\u00a0\u00bb0&Prime; z_index=\u00a0\u00bb0&Prime; desktop_visibility=\u00a0\u00bbyes\u00a0\u00bb content_parallax=\u00a0\u00bb0&Prime; uncode_shortcode_id=\u00a0\u00bb119183&Prime; row_height_pixel=\u00a0\u00bb300px\u00a0\u00bb overlay_color_type=\u00a0\u00bbuncode-palette\u00a0\u00bb][vc_column column_width_percent=\u00a0\u00bb100&Prime; position_vertical=\u00a0\u00bbmiddle\u00a0\u00bb align_horizontal=\u00a0\u00bbalign_center\u00a0\u00bb gutter_size=\u00a0\u00bb3&Prime; overlay_alpha=\u00a0\u00bb50&Prime; shift_x=\u00a0\u00bb0&Prime; shift_y=\u00a0\u00bb0&Prime; shift_y_down=\u00a0\u00bb0&Prime; z_index=\u00a0\u00bb0&Prime; medium_width=\u00a0\u00bb0&Prime; mobile_width=\u00a0\u00bb0&Prime; width=\u00a0\u00bb2\/3&Prime; css=\u00a0\u00bb.vc_custom_1727467554578{padding-top: 50px !important;}\u00a0\u00bb uncode_shortcode_id=\u00a0\u00bb130914&Prime;][vc_single_image media=\u00a0\u00bb73381&Prime; media_width_percent=\u00a0\u00bb57&Prime; alignment=\u00a0\u00bbcenter\u00a0\u00bb uncode_shortcode_id=\u00a0\u00bb182671&Prime;][vc_custom_heading text_color=\u00a0\u00bbcolor-xsdn\u00a0\u00bb heading_semantic=\u00a0\u00bbh1&Prime; text_font=\u00a0\u00bbfont-188119&Prime; text_size=\u00a0\u00bbfontsize-45&Prime; text_weight=\u00a0\u00bb900&Prime; text_height=\u00a0\u00bb\u00a0\u00bb text_space=\u00a0\u00bb\u00a0\u00bb uncode_shortcode_id=\u00a0\u00bb636981&Prime; text_color_type=\u00a0\u00bbuncode-palette\u00a0\u00bb]CALIDAD Y MEDIO AMBIENTE[\/vc_custom_heading][\/vc_column][\/vc_row][vc_row unlock_row_content=\u00a0\u00bbyes\u00a0\u00bb row_height_percent=\u00a0\u00bb0&Prime; overlay_alpha=\u00a0\u00bb50&Prime; gutter_size=\u00a0\u00bb3&Prime; column_width_percent=\u00a0\u00bb100&Prime; shift_y=\u00a0\u00bb0&Prime; z_index=\u00a0\u00bb0&Prime; inverted_device_order=\u00a0\u00bbyes\u00a0\u00bb content_parallax=\u00a0\u00bb0&Prime; uncode_shortcode_id=\u00a0\u00bb977050&Prime;][vc_column column_width_percent=\u00a0\u00bb100&Prime; align_horizontal=\u00a0\u00bbalign_center\u00a0\u00bb gutter_size=\u00a0\u00bb3&Prime; overlay_alpha=\u00a0\u00bb50&Prime; shift_x=\u00a0\u00bb0&Prime; shift_y=\u00a0\u00bb0&Prime; shift_y_down=\u00a0\u00bb0&Prime; z_index=\u00a0\u00bb0&Prime; medium_width=\u00a0\u00bb0&Prime; mobile_width=\u00a0\u00bb0&Prime; width=\u00a0\u00bb1\/2&Prime;][vc_single_image media=\u00a0\u00bb76281&Prime; media_width_percent=\u00a0\u00bb100&Prime; uncode_shortcode_id=\u00a0\u00bb736456&Prime;][\/vc_column][vc_column width=\u00a0\u00bb1\/2&Prime;][vc_custom_heading text_color=\u00a0\u00bbcolor-wayh\u00a0\u00bb heading_semantic=\u00a0\u00bbh1&Prime; text_font=\u00a0\u00bbfont-188119&Prime; text_size=\u00a0\u00bbfontsize-39&Prime; text_weight=\u00a0\u00bb900&Prime; text_height=\u00a0\u00bb\u00a0\u00bb text_space=\u00a0\u00bb\u00a0\u00bb uncode_shortcode_id=\u00a0\u00bb162543&Prime; text_color_type=\u00a0\u00bbuncode-palette\u00a0\u00bb]\u2060Notre engagement et d\u00e9vouement[\/vc_custom_heading][vc_column_text uncode_shortcode_id=\u00a0\u00bb405407&Prime;]Le groupe Sercore joue un r\u00f4le cl\u00e9 dans la protection de l\u2019environnement \u00e0 travers la remanufacture de pi\u00e8ces de rechange pour voitures. En r\u00e9duisant, r\u00e9utilisant et recyclant les pi\u00e8ces usag\u00e9es \u00e0 leur \u00e9tat d&rsquo;origine, Sercore r\u00e9duit consid\u00e9rablement le besoin de fabriquer de nouveaux composants, diminuant ainsi la consommation de mati\u00e8res premi\u00e8res et d&rsquo;\u00e9nergie. Ce processus minimise \u00e9galement la production de d\u00e9chets et l&#8217;empreinte carbone, tout en favorisant une \u00e9conomie circulaire plus durable. De cette mani\u00e8re, Sercore offre non seulement une solution efficace et de qualit\u00e9 pour le secteur automobile, mais contribue aussi activement \u00e0 la pr\u00e9servation de l\u2019environnement.<br \/>\nNous faisons partie du changement et en sommes fiers![\/vc_column_text][vc_single_image media=\u00a0\u00bb76482&Prime; media_width_percent=\u00a0\u00bb46&Prime; uncode_shortcode_id=\u00a0\u00bb515856&Prime;][vc_button button_color=\u00a0\u00bbcolor-823184&Prime; size=\u00a0\u00bbbtn-sm\u00a0\u00bb border_width=\u00a0\u00bb0&Prime; link=\u00a0\u00bburl:https%3A%2F%2Fwww.sercore.com%2Fwp-content%2Fuploads%2F2025%2F05%2F00020621-001-16949-SPAES-IATF.pdf|target:_blank\u00a0\u00bb button_color_type=\u00a0\u00bbuncode-palette\u00a0\u00bb uncode_shortcode_id=\u00a0\u00bb158264&Prime; icon=\u00a0\u00bbfa fa-download\u00a0\u00bb]Certificat IATF 16949-2016[\/vc_button][vc_button button_color=\u00a0\u00bbcolor-823184&Prime; size=\u00a0\u00bbbtn-sm\u00a0\u00bb border_width=\u00a0\u00bb0&Prime; link=\u00a0\u00bburl:https%3A%2F%2Fwww.sercore.com%2Fwp-content%2Fuploads%2F2025%2F02%2F00048074-EMS-SPAES-UKAS.pdf|target:_blank\u00a0\u00bb button_color_type=\u00a0\u00bbuncode-palette\u00a0\u00bb uncode_shortcode_id=\u00a0\u00bb442484&Prime; icon=\u00a0\u00bbfa fa-download\u00a0\u00bb]Certificat ISO 14001[\/vc_button][vc_button button_color=\u00a0\u00bbcolor-166592&Prime; size=\u00a0\u00bbbtn-sm\u00a0\u00bb border_width=\u00a0\u00bb0&Prime; link=\u00a0\u00bburl:https%3A%2F%2Fwww.sercore.com%2Fwp-content%2Fuploads%2F2024%2F09%2FPolitica_Medio-Ambiente.pdf%20|target:_blank\u00a0\u00bb button_color_type=\u00a0\u00bbuncode-palette\u00a0\u00bb uncode_shortcode_id=\u00a0\u00bb142268&Prime; icon=\u00a0\u00bbfa fa-download\u00a0\u00bb]Politique environnementale[\/vc_button][\/vc_column][\/vc_row]<\/p>\n<\/div>","protected":false},"excerpt":{"rendered":"<p>[vc_row row_height_percent=\u00a0\u00bb0&Prime; back_image=\u00a0\u00bb76254&Prime; back_repeat=\u00a0\u00bbno-repeat\u00a0\u00bb back_position=\u00a0\u00bbright center\u00a0\u00bb overlay_alpha=\u00a0\u00bb0&Prime; gutter_size=\u00a0\u00bb3&Prime; column_width_percent=\u00a0\u00bb100&Prime; shift_y=\u00a0\u00bb0&Prime; z_index=\u00a0\u00bb0&Prime; medium_visibility=\u00a0\u00bbyes\u00a0\u00bb mobile_visibility=\u00a0\u00bbyes\u00a0\u00bb content_parallax=\u00a0\u00bb0&Prime; uncode_shortcode_id=\u00a0\u00bb973660&Prime; row_height_pixel=\u00a0\u00bb500px\u00a0\u00bb][vc_column column_width_percent=\u00a0\u00bb100&Prime; position_vertical=\u00a0\u00bbmiddle\u00a0\u00bb gutter_size=\u00a0\u00bb3&Prime; overlay_alpha=\u00a0\u00bb50&Prime; [&hellip;]<\/p>\n","protected":false},"author":2,"featured_media":0,"parent":0,"menu_order":0,"comment_status":"closed","ping_status":"closed","template":"","meta":{"footnotes":""},"class_list":["post-76248","page","type-page","status-publish","hentry"],"yoast_head":"<!-- This site is optimized with the Yoast SEO plugin v25.4 - https:\/\/yoast.com\/wordpress\/plugins\/seo\/ -->\n<title>Qualit\u00e9 et Environnement<\/title>\n<meta name=\"robots\" content=\"index, follow, max-snippet:-1, max-image-preview:large, max-video-preview:-1\" \/>\n<link rel=\"canonical\" href=\"https:\/\/www.sercore.com\/de\/qualitat-und-umwelt\/\" \/>\n<meta property=\"og:locale\" content=\"fr_FR\" \/>\n<meta property=\"og:type\" content=\"article\" \/>\n<meta property=\"og:title\" content=\"Qualit\u00e9 et Environnement\" \/>\n<meta property=\"og:description\" content=\"[vc_row row_height_percent=\u00a0\u00bb0&Prime; back_image=\u00a0\u00bb76254&Prime; back_repeat=\u00a0\u00bbno-repeat\u00a0\u00bb back_position=\u00a0\u00bbright center\u00a0\u00bb overlay_alpha=\u00a0\u00bb0&Prime; gutter_size=\u00a0\u00bb3&Prime; column_width_percent=\u00a0\u00bb100&Prime; shift_y=\u00a0\u00bb0&Prime; z_index=\u00a0\u00bb0&Prime; medium_visibility=\u00a0\u00bbyes\u00a0\u00bb mobile_visibility=\u00a0\u00bbyes\u00a0\u00bb content_parallax=\u00a0\u00bb0&Prime; uncode_shortcode_id=\u00a0\u00bb973660&Prime; row_height_pixel=\u00a0\u00bb500px\u00a0\u00bb][vc_column column_width_percent=\u00a0\u00bb100&Prime; position_vertical=\u00a0\u00bbmiddle\u00a0\u00bb gutter_size=\u00a0\u00bb3&Prime; overlay_alpha=\u00a0\u00bb50&Prime; [&hellip;]\" \/>\n<meta property=\"og:url\" content=\"https:\/\/www.sercore.com\/de\/qualitat-und-umwelt\/\" \/>\n<meta property=\"og:site_name\" content=\"Grupo Sercore\" \/>\n<meta property=\"article:modified_time\" content=\"2025-05-30T20:33:05+00:00\" \/>\n<meta name=\"twitter:card\" content=\"summary_large_image\" \/>\n<meta name=\"twitter:label1\" content=\"Dur\u00e9e de lecture estim\u00e9e\" \/>\n\t<meta name=\"twitter:data1\" content=\"2 minutes\" \/>\n<script type=\"application\/ld+json\" class=\"yoast-schema-graph\">{\"@context\":\"https:\/\/schema.org\",\"@graph\":[{\"@type\":\"WebPage\",\"@id\":\"https:\/\/www.sercore.com\/de\/qualitat-und-umwelt\/\",\"url\":\"https:\/\/www.sercore.com\/de\/qualitat-und-umwelt\/\",\"name\":\"Qualit\u00e9 et Environnement\",\"isPartOf\":{\"@id\":\"https:\/\/www.sercore.com\/#website\"},\"datePublished\":\"2024-10-07T16:10:19+00:00\",\"dateModified\":\"2025-05-30T20:33:05+00:00\",\"breadcrumb\":{\"@id\":\"https:\/\/www.sercore.com\/de\/qualitat-und-umwelt\/#breadcrumb\"},\"inLanguage\":\"fr-FR\",\"potentialAction\":[{\"@type\":\"ReadAction\",\"target\":[\"https:\/\/www.sercore.com\/de\/qualitat-und-umwelt\/\"]}]},{\"@type\":\"BreadcrumbList\",\"@id\":\"https:\/\/www.sercore.com\/de\/qualitat-und-umwelt\/#breadcrumb\",\"itemListElement\":[{\"@type\":\"ListItem\",\"position\":1,\"name\":\"Portada\",\"item\":\"https:\/\/www.sercore.com\/fr\/accueil\/\"},{\"@type\":\"ListItem\",\"position\":2,\"name\":\"Qualit\u00e9 et Environnement\"}]},{\"@type\":\"WebSite\",\"@id\":\"https:\/\/www.sercore.com\/#website\",\"url\":\"https:\/\/www.sercore.com\/\",\"name\":\"Grupo Sercore\",\"description\":\"Bienvenidos a Sercore\",\"potentialAction\":[{\"@type\":\"SearchAction\",\"target\":{\"@type\":\"EntryPoint\",\"urlTemplate\":\"https:\/\/www.sercore.com\/?s={search_term_string}\"},\"query-input\":{\"@type\":\"PropertyValueSpecification\",\"valueRequired\":true,\"valueName\":\"search_term_string\"}}],\"inLanguage\":\"fr-FR\"}]}<\/script>\n<!-- \/ Yoast SEO plugin. -->","yoast_head_json":{"title":"Qualit\u00e9 et Environnement","robots":{"index":"index","follow":"follow","max-snippet":"max-snippet:-1","max-image-preview":"max-image-preview:large","max-video-preview":"max-video-preview:-1"},"canonical":"https:\/\/www.sercore.com\/de\/qualitat-und-umwelt\/","og_locale":"fr_FR","og_type":"article","og_title":"Qualit\u00e9 et Environnement","og_description":"[vc_row row_height_percent=\u00a0\u00bb0&Prime; back_image=\u00a0\u00bb76254&Prime; back_repeat=\u00a0\u00bbno-repeat\u00a0\u00bb back_position=\u00a0\u00bbright center\u00a0\u00bb overlay_alpha=\u00a0\u00bb0&Prime; gutter_size=\u00a0\u00bb3&Prime; column_width_percent=\u00a0\u00bb100&Prime; shift_y=\u00a0\u00bb0&Prime; z_index=\u00a0\u00bb0&Prime; medium_visibility=\u00a0\u00bbyes\u00a0\u00bb mobile_visibility=\u00a0\u00bbyes\u00a0\u00bb content_parallax=\u00a0\u00bb0&Prime; uncode_shortcode_id=\u00a0\u00bb973660&Prime; row_height_pixel=\u00a0\u00bb500px\u00a0\u00bb][vc_column column_width_percent=\u00a0\u00bb100&Prime; position_vertical=\u00a0\u00bbmiddle\u00a0\u00bb gutter_size=\u00a0\u00bb3&Prime; overlay_alpha=\u00a0\u00bb50&Prime; [&hellip;]","og_url":"https:\/\/www.sercore.com\/de\/qualitat-und-umwelt\/","og_site_name":"Grupo Sercore","article_modified_time":"2025-05-30T20:33:05+00:00","twitter_card":"summary_large_image","twitter_misc":{"Dur\u00e9e de lecture estim\u00e9e":"2 minutes"},"schema":{"@context":"https:\/\/schema.org","@graph":[{"@type":"WebPage","@id":"https:\/\/www.sercore.com\/de\/qualitat-und-umwelt\/","url":"https:\/\/www.sercore.com\/de\/qualitat-und-umwelt\/","name":"Qualit\u00e9 et Environnement","isPartOf":{"@id":"https:\/\/www.sercore.com\/#website"},"datePublished":"2024-10-07T16:10:19+00:00","dateModified":"2025-05-30T20:33:05+00:00","breadcrumb":{"@id":"https:\/\/www.sercore.com\/de\/qualitat-und-umwelt\/#breadcrumb"},"inLanguage":"fr-FR","potentialAction":[{"@type":"ReadAction","target":["https:\/\/www.sercore.com\/de\/qualitat-und-umwelt\/"]}]},{"@type":"BreadcrumbList","@id":"https:\/\/www.sercore.com\/de\/qualitat-und-umwelt\/#breadcrumb","itemListElement":[{"@type":"ListItem","position":1,"name":"Portada","item":"https:\/\/www.sercore.com\/fr\/accueil\/"},{"@type":"ListItem","position":2,"name":"Qualit\u00e9 et Environnement"}]},{"@type":"WebSite","@id":"https:\/\/www.sercore.com\/#website","url":"https:\/\/www.sercore.com\/","name":"Grupo Sercore","description":"Bienvenidos a Sercore","potentialAction":[{"@type":"SearchAction","target":{"@type":"EntryPoint","urlTemplate":"https:\/\/www.sercore.com\/?s={search_term_string}"},"query-input":{"@type":"PropertyValueSpecification","valueRequired":true,"valueName":"search_term_string"}}],"inLanguage":"fr-FR"}]}},"_links":{"self":[{"href":"https:\/\/www.sercore.com\/fr\/wp-json\/wp\/v2\/pages\/76248","targetHints":{"allow":["GET"]}}],"collection":[{"href":"https:\/\/www.sercore.com\/fr\/wp-json\/wp\/v2\/pages"}],"about":[{"href":"https:\/\/www.sercore.com\/fr\/wp-json\/wp\/v2\/types\/page"}],"author":[{"embeddable":true,"href":"https:\/\/www.sercore.com\/fr\/wp-json\/wp\/v2\/users\/2"}],"replies":[{"embeddable":true,"href":"https:\/\/www.sercore.com\/fr\/wp-json\/wp\/v2\/comments?post=76248"}],"version-history":[{"count":5,"href":"https:\/\/www.sercore.com\/fr\/wp-json\/wp\/v2\/pages\/76248\/revisions"}],"predecessor-version":[{"id":76562,"href":"https:\/\/www.sercore.com\/fr\/wp-json\/wp\/v2\/pages\/76248\/revisions\/76562"}],"wp:attachment":[{"href":"https:\/\/www.sercore.com\/fr\/wp-json\/wp\/v2\/media?parent=76248"}],"curies":[{"name":"wp","href":"https:\/\/api.w.org\/{rel}","templated":true}]}}