{"id":74069,"date":"2022-12-26T20:56:13","date_gmt":"2022-12-26T19:56:13","guid":{"rendered":"http:\/\/sercore.binarysoluciones.eu\/?page_id=74069"},"modified":"2024-10-15T22:29:07","modified_gmt":"2024-10-15T20:29:07","slug":"actualites","status":"publish","type":"page","link":"https:\/\/www.sercore.com\/fr\/actualites\/","title":{"rendered":"Actualit\u00e9s"},"content":{"rendered":"<div class=\"wpb-content-wrapper\"><p>[vc_row row_height_percent=\u00a0\u00bb0&Prime; back_color=\u00a0\u00bbcolor-823184&Prime; back_image=\u00a0\u00bb74815&Prime; overlay_alpha=\u00a0\u00bb50&Prime; gutter_size=\u00a0\u00bb3&Prime; column_width_percent=\u00a0\u00bb100&Prime; shift_y=\u00a0\u00bb0&Prime; z_index=\u00a0\u00bb0&Prime;][vc_column column_width_percent=\u00a0\u00bb100&Prime; align_horizontal=\u00a0\u00bbalign_center\u00a0\u00bb gutter_size=\u00a0\u00bb3&Prime; overlay_alpha=\u00a0\u00bb50&Prime; shift_x=\u00a0\u00bb0&Prime; shift_y=\u00a0\u00bb0&Prime; shift_y_down=\u00a0\u00bb0&Prime; z_index=\u00a0\u00bb0&Prime; medium_width=\u00a0\u00bb0&Prime; mobile_width=\u00a0\u00bb0&Prime; width=\u00a0\u00bb2\/3&Prime; css=\u00a0\u00bb.vc_custom_1671806118209{padding-top: 50px !important;padding-bottom: 50px !important;}\u00a0\u00bb][vc_custom_heading text_color=\u00a0\u00bbcolor-xsdn\u00a0\u00bb heading_semantic=\u00a0\u00bbh1&Prime; text_font=\u00a0\u00bbfont-188119&Prime; text_size=\u00a0\u00bbfontsize-45&Prime; text_weight=\u00a0\u00bb900&Prime; text_height=\u00a0\u00bb\u00a0\u00bb text_space=\u00a0\u00bb\u00a0\u00bb]NOS DERNI\u00c8RES NOUVELLES[\/vc_custom_heading][vc_single_image media=\u00a0\u00bb73381&Prime; media_width_percent=\u00a0\u00bb45&Prime; alignment=\u00a0\u00bbcenter\u00a0\u00bb][\/vc_column][\/vc_row][vc_row row_height_percent=\u00a0\u00bb0&Prime; back_color=\u00a0\u00bbcolor-lxmt\u00a0\u00bb overlay_alpha=\u00a0\u00bb50&Prime; equal_height=\u00a0\u00bbyes\u00a0\u00bb gutter_size=\u00a0\u00bb3&Prime; column_width_percent=\u00a0\u00bb100&Prime; shift_y=\u00a0\u00bb0&Prime; z_index=\u00a0\u00bb0&Prime;][vc_column column_width_percent=\u00a0\u00bb100&Prime; align_horizontal=\u00a0\u00bbalign_center\u00a0\u00bb gutter_size=\u00a0\u00bb3&Prime; overlay_alpha=\u00a0\u00bb50&Prime; shadow=\u00a0\u00bbstd\u00a0\u00bb shadow_darker=\u00a0\u00bbyes\u00a0\u00bb shift_x=\u00a0\u00bb0&Prime; shift_y=\u00a0\u00bb0&Prime; shift_y_down=\u00a0\u00bb0&Prime; z_index=\u00a0\u00bb0&Prime; medium_width=\u00a0\u00bb0&Prime; mobile_width=\u00a0\u00bb0&Prime; width=\u00a0\u00bb2\/3&Prime;][vc_row_inner row_inner_height_percent=\u00a0\u00bb0&Prime; back_color=\u00a0\u00bbcolor-823184&Prime; overlay_alpha=\u00a0\u00bb50&Prime; equal_height=\u00a0\u00bbyes\u00a0\u00bb gutter_size=\u00a0\u00bb3&Prime; shift_y=\u00a0\u00bb0&Prime; z_index=\u00a0\u00bb0&Prime; limit_content=\u00a0\u00bb\u00a0\u00bb][vc_column_inner column_width_percent=\u00a0\u00bb100&Prime; position_vertical=\u00a0\u00bbmiddle\u00a0\u00bb align_horizontal=\u00a0\u00bbalign_center\u00a0\u00bb gutter_size=\u00a0\u00bb3&Prime; style=\u00a0\u00bbdark\u00a0\u00bb overlay_alpha=\u00a0\u00bb50&Prime; shift_x=\u00a0\u00bb0&Prime; shift_y=\u00a0\u00bb0&Prime; shift_y_down=\u00a0\u00bb0&Prime; z_index=\u00a0\u00bb0&Prime; medium_width=\u00a0\u00bb0&Prime; mobile_width=\u00a0\u00bb0&Prime; width=\u00a0\u00bb1\/2&Prime; css=\u00a0\u00bb.vc_custom_1715119930441{padding-top: 10px !important;padding-right: 10px !important;padding-bottom: 10px !important;padding-left: 10px !important;}\u00a0\u00bb][vc_custom_heading text_color=\u00a0\u00bbcolor-xsdn\u00a0\u00bb text_font=\u00a0\u00bbfont-188119&Prime; text_weight=\u00a0\u00bb900&Prime; text_height=\u00a0\u00bb\u00a0\u00bb text_space=\u00a0\u00bb\u00a0\u00bb uncode_shortcode_id=\u00a0\u00bb226175&Prime; text_color_type=\u00a0\u00bbuncode-palette\u00a0\u00bb]Nouvelles r\u00e9f\u00e9rences Juillet, Ao\u00fbt et Septembre[\/vc_custom_heading][vc_column_text uncode_shortcode_id=\u00a0\u00bb203475&Prime;]<strong>500 &#8211; \u00c9triers de frein<\/strong><br \/>\n<strong>5 &#8211; Joint Homocin\u00e9tique<\/strong><br \/>\n<strong>2 &#8211; Pompe de direction<\/strong><br \/>\n<strong>3 &#8211; Cr\u00e9maill\u00e8re de direction<\/strong>[\/vc_column_text][vc_button button_color=\u00a0\u00bbcolor-xsdn\u00a0\u00bb size=\u00a0\u00bbbtn-sm\u00a0\u00bb outline=\u00a0\u00bbyes\u00a0\u00bb border_width=\u00a0\u00bb0&Prime; link=\u00a0\u00bburl:https%3A%2F%2Fwww.sercore.com%2Fwp-content%2Fuploads%2F2024%2F10%2F7_Listado-de-referencias-nuevas-Julio-Agosto-2024.pdf|target:_blank\u00a0\u00bb icon=\u00a0\u00bbfa fa-download\u00a0\u00bb button_color_type=\u00a0\u00bbuncode-palette\u00a0\u00bb uncode_shortcode_id=\u00a0\u00bb161540&Prime;]d\u00e9charge[\/vc_button][\/vc_column_inner][vc_column_inner column_width_percent=\u00a0\u00bb100&Prime; position_vertical=\u00a0\u00bbmiddle\u00a0\u00bb gutter_size=\u00a0\u00bb3&Prime; overlay_alpha=\u00a0\u00bb50&Prime; shift_x=\u00a0\u00bb0&Prime; shift_y=\u00a0\u00bb0&Prime; shift_y_down=\u00a0\u00bb0&Prime; z_index=\u00a0\u00bb0&Prime; medium_width=\u00a0\u00bb0&Prime; mobile_width=\u00a0\u00bb0&Prime; width=\u00a0\u00bb1\/2&Prime; css=\u00a0\u00bb.vc_custom_1715119845832{padding-top: 20px !important;padding-bottom: 20px !important;}\u00a0\u00bb][vc_single_image media=\u00a0\u00bb76333&Prime; media_width_percent=\u00a0\u00bb37&Prime; alignment=\u00a0\u00bbcenter\u00a0\u00bb media_link=\u00a0\u00bburl:https%3A%2F%2Fwww.sercore.com%2Fwp-content%2Fuploads%2F2024%2F10%2F7_Listado-de-referencias-nuevas-Julio-Agosto-2024.pdf|target:_blank\u00a0\u00bb uncode_shortcode_id=\u00a0\u00bb472352&Prime;][\/vc_column_inner][\/vc_row_inner][\/vc_column][\/vc_row][vc_row][vc_column column_width_percent=\u00a0\u00bb100&Prime; align_horizontal=\u00a0\u00bbalign_center\u00a0\u00bb gutter_size=\u00a0\u00bb3&Prime; overlay_alpha=\u00a0\u00bb50&Prime; shift_x=\u00a0\u00bb0&Prime; shift_y=\u00a0\u00bb0&Prime; shift_y_down=\u00a0\u00bb0&Prime; z_index=\u00a0\u00bb0&Prime; medium_width=\u00a0\u00bb0&Prime; mobile_width=\u00a0\u00bb0&Prime; width=\u00a0\u00bb1\/1&Prime;][vc_custom_heading text_color=\u00a0\u00bbcolor-823184&Prime; heading_semantic=\u00a0\u00bbh3&Prime; text_font=\u00a0\u00bbfont-188119&Prime; text_size=\u00a0\u00bbh1&Prime; text_weight=\u00a0\u00bb900&Prime; text_height=\u00a0\u00bb\u00a0\u00bb text_space=\u00a0\u00bb\u00a0\u00bb uncode_shortcode_id=\u00a0\u00bb100445&Prime; text_color_type=\u00a0\u00bbuncode-palette\u00a0\u00bb]R\u00e9f\u00e9rences pr\u00e9c\u00e9dentes[\/vc_custom_heading][\/vc_column][\/vc_row][vc_row][vc_column column_width_percent=\u00a0\u00bb100&Prime; align_horizontal=\u00a0\u00bbalign_center\u00a0\u00bb gutter_size=\u00a0\u00bb3&Prime; overlay_alpha=\u00a0\u00bb50&Prime; shift_x=\u00a0\u00bb0&Prime; shift_y=\u00a0\u00bb0&Prime; shift_y_down=\u00a0\u00bb0&Prime; z_index=\u00a0\u00bb0&Prime; medium_width=\u00a0\u00bb0&Prime; mobile_width=\u00a0\u00bb0&Prime; width=\u00a0\u00bb1\/4&Prime;][vc_custom_heading text_color=\u00a0\u00bbcolor-823184&Prime; text_font=\u00a0\u00bbfont-188119&Prime; text_size=\u00a0\u00bbh4&Prime; text_weight=\u00a0\u00bb900&Prime; text_height=\u00a0\u00bb\u00a0\u00bb text_space=\u00a0\u00bb\u00a0\u00bb uncode_shortcode_id=\u00a0\u00bb138638&Prime; text_color_type=\u00a0\u00bbuncode-palette\u00a0\u00bb]<a href=\"https:\/\/www.sercore.com\/wp-content\/uploads\/2024\/07\/6_Nuevas-referencias-Junio-2024.pdf\" target=\"_blank\" rel=\"noopener\">Nouvelles r\u00e9f\u00e9rences<br \/>Juin 2024<\/a>[\/vc_custom_heading][vc_single_image media=\u00a0\u00bb76123&Prime; media_width_percent=\u00a0\u00bb100&Prime; media_link=\u00a0\u00bburl:https%3A%2F%2Fwww.sercore.com%2Fwp-content%2Fuploads%2F2024%2F07%2F6_Nuevas-referencias-Junio-2024.pdf%20|target:_blank\u00a0\u00bb uncode_shortcode_id=\u00a0\u00bb395230&Prime;][\/vc_column][vc_column column_width_percent=\u00a0\u00bb100&Prime; align_horizontal=\u00a0\u00bbalign_center\u00a0\u00bb gutter_size=\u00a0\u00bb3&Prime; overlay_alpha=\u00a0\u00bb50&Prime; shift_x=\u00a0\u00bb0&Prime; shift_y=\u00a0\u00bb0&Prime; shift_y_down=\u00a0\u00bb0&Prime; z_index=\u00a0\u00bb0&Prime; medium_width=\u00a0\u00bb0&Prime; mobile_width=\u00a0\u00bb0&Prime; width=\u00a0\u00bb1\/4&Prime; uncode_shortcode_id=\u00a0\u00bb212033&Prime;][vc_custom_heading text_color=\u00a0\u00bbcolor-823184&Prime; text_font=\u00a0\u00bbfont-188119&Prime; text_size=\u00a0\u00bbh4&Prime; text_weight=\u00a0\u00bb900&Prime; text_height=\u00a0\u00bb\u00a0\u00bb text_space=\u00a0\u00bb\u00a0\u00bb uncode_shortcode_id=\u00a0\u00bb176943&Prime; text_color_type=\u00a0\u00bbuncode-palette\u00a0\u00bb]<a href=\"https:\/\/www.sercore.com\/wp-content\/uploads\/2024\/06\/Nuevas-referencias-Mayo_2024.pdf\" target=\"_blank\" rel=\"noopener\">Nouvelles r\u00e9f\u00e9rences<br \/>Peut 2024<\/a>[\/vc_custom_heading][vc_single_image media=\u00a0\u00bb76106&Prime; media_width_percent=\u00a0\u00bb100&Prime; media_link=\u00a0\u00bburl:https%3A%2F%2Fwww.sercore.com%2Fwp-content%2Fuploads%2F2024%2F06%2FNuevas-referencias-Mayo_2024.pdf|target:_blank\u00a0\u00bb uncode_shortcode_id=\u00a0\u00bb170662&Prime;][\/vc_column][vc_column column_width_percent=\u00a0\u00bb100&Prime; align_horizontal=\u00a0\u00bbalign_center\u00a0\u00bb gutter_size=\u00a0\u00bb3&Prime; overlay_alpha=\u00a0\u00bb50&Prime; shift_x=\u00a0\u00bb0&Prime; shift_y=\u00a0\u00bb0&Prime; shift_y_down=\u00a0\u00bb0&Prime; z_index=\u00a0\u00bb0&Prime; medium_width=\u00a0\u00bb0&Prime; mobile_width=\u00a0\u00bb0&Prime; width=\u00a0\u00bb1\/4&Prime; uncode_shortcode_id=\u00a0\u00bb171845&Prime;][vc_custom_heading text_color=\u00a0\u00bbcolor-823184&Prime; text_font=\u00a0\u00bbfont-188119&Prime; text_size=\u00a0\u00bbh4&Prime; text_weight=\u00a0\u00bb900&Prime; text_height=\u00a0\u00bb\u00a0\u00bb text_space=\u00a0\u00bb\u00a0\u00bb uncode_shortcode_id=\u00a0\u00bb160364&Prime; text_color_type=\u00a0\u00bbuncode-palette\u00a0\u00bb]<a href=\"https:\/\/www.sercore.com\/wp-content\/uploads\/2024\/05\/Nuevas-referencias-Abril-2024.pdf\" target=\"_blank\" rel=\"noopener\">Nouvelles r\u00e9f\u00e9rences<br \/>Avril 2024<\/a>[\/vc_custom_heading][vc_single_image media=\u00a0\u00bb76083&Prime; media_width_percent=\u00a0\u00bb100&Prime; media_link=\u00a0\u00bburl:https%3A%2F%2Fwww.sercore.com%2Fwp-content%2Fuploads%2F2024%2F05%2FNuevas-referencias-Abril-2024.pdf|target:_blank\u00a0\u00bb uncode_shortcode_id=\u00a0\u00bb164614&Prime;][\/vc_column][vc_column column_width_percent=\u00a0\u00bb100&Prime; align_horizontal=\u00a0\u00bbalign_center\u00a0\u00bb gutter_size=\u00a0\u00bb3&Prime; overlay_alpha=\u00a0\u00bb50&Prime; shift_x=\u00a0\u00bb0&Prime; shift_y=\u00a0\u00bb0&Prime; shift_y_down=\u00a0\u00bb0&Prime; z_index=\u00a0\u00bb0&Prime; medium_width=\u00a0\u00bb0&Prime; mobile_width=\u00a0\u00bb0&Prime; width=\u00a0\u00bb1\/4&Prime;][vc_custom_heading text_color=\u00a0\u00bbcolor-823184&Prime; text_font=\u00a0\u00bbfont-188119&Prime; text_size=\u00a0\u00bbh4&Prime; text_weight=\u00a0\u00bb900&Prime; text_height=\u00a0\u00bb\u00a0\u00bb text_space=\u00a0\u00bb\u00a0\u00bb uncode_shortcode_id=\u00a0\u00bb152322&Prime; text_color_type=\u00a0\u00bbuncode-palette\u00a0\u00bb]<a href=\"https:\/\/www.sercore.com\/wp-content\/uploads\/2024\/04\/Nuevas-referencias-Marzo-2024.pdf\" target=\"_blank\" rel=\"noopener\">Nouvelles r\u00e9f\u00e9rences<br \/>Mars 2024<\/a>[\/vc_custom_heading][vc_single_image media=\u00a0\u00bb76026&Prime; media_width_percent=\u00a0\u00bb100&Prime; media_link=\u00a0\u00bburl:https%3A%2F%2Fwww.sercore.com%2Fwp-content%2Fuploads%2F2024%2F04%2FNuevas-referencias-Marzo-2024.pdf|target:_blank\u00a0\u00bb][\/vc_column][\/vc_row][vc_row][vc_column column_width_percent=\u00a0\u00bb100&Prime; align_horizontal=\u00a0\u00bbalign_center\u00a0\u00bb gutter_size=\u00a0\u00bb3&Prime; overlay_alpha=\u00a0\u00bb50&Prime; shift_x=\u00a0\u00bb0&Prime; shift_y=\u00a0\u00bb0&Prime; shift_y_down=\u00a0\u00bb0&Prime; z_index=\u00a0\u00bb0&Prime; medium_width=\u00a0\u00bb0&Prime; mobile_width=\u00a0\u00bb0&Prime; width=\u00a0\u00bb1\/1&Prime;][vc_custom_heading text_color=\u00a0\u00bbcolor-823184&Prime; heading_semantic=\u00a0\u00bbh3&Prime; text_font=\u00a0\u00bbfont-188119&Prime; text_size=\u00a0\u00bbh1&Prime; text_weight=\u00a0\u00bb900&Prime; text_height=\u00a0\u00bb\u00a0\u00bb text_space=\u00a0\u00bb\u00a0\u00bb uncode_shortcode_id=\u00a0\u00bb901944&Prime; text_color_type=\u00a0\u00bbuncode-palette\u00a0\u00bb]Articles de blog[\/vc_custom_heading][\/vc_column][\/vc_row][vc_row][vc_column width=\u00a0\u00bb1\/1&Prime;][uncode_index el_id=\u00a0\u00bbindex-144693&Prime; loop=\u00a0\u00bbsize:10|order_by:date|post_type:post|taxonomy_count:10&Prime; screen_lg=\u00a0\u00bb1000&Prime; screen_md=\u00a0\u00bb600&Prime; screen_sm=\u00a0\u00bb480&Prime; gutter_size=\u00a0\u00bb3&Prime; post_items=\u00a0\u00bbtitle,media|featured|onpost|original,date,spacer|half\u00a0\u00bb images_size=\u00a0\u00bbsixteen-nine\u00a0\u00bb single_overlay_opacity=\u00a0\u00bb50&Prime; single_padding=\u00a0\u00bb2&Prime; single_title_dimension=\u00a0\u00bb\u00a0\u00bb single_title_height=\u00a0\u00bb\u00a0\u00bb single_title_space=\u00a0\u00bb\u00a0\u00bb][\/vc_column][\/vc_row]<\/p>\n<\/div>","protected":false},"excerpt":{"rendered":"<p>[vc_row row_height_percent=\u00a0\u00bb0&Prime; back_color=\u00a0\u00bbcolor-823184&Prime; back_image=\u00a0\u00bb74815&Prime; overlay_alpha=\u00a0\u00bb50&Prime; gutter_size=\u00a0\u00bb3&Prime; column_width_percent=\u00a0\u00bb100&Prime; shift_y=\u00a0\u00bb0&Prime; z_index=\u00a0\u00bb0&Prime;][vc_column column_width_percent=\u00a0\u00bb100&Prime; align_horizontal=\u00a0\u00bbalign_center\u00a0\u00bb gutter_size=\u00a0\u00bb3&Prime; overlay_alpha=\u00a0\u00bb50&Prime; shift_x=\u00a0\u00bb0&Prime; shift_y=\u00a0\u00bb0&Prime; shift_y_down=\u00a0\u00bb0&Prime; z_index=\u00a0\u00bb0&Prime; medium_width=\u00a0\u00bb0&Prime; mobile_width=\u00a0\u00bb0&Prime; width=\u00a0\u00bb2\/3&Prime; [&hellip;]<\/p>\n","protected":false},"author":2,"featured_media":0,"parent":0,"menu_order":0,"comment_status":"closed","ping_status":"closed","template":"","meta":{"footnotes":""},"class_list":["post-74069","page","type-page","status-publish","hentry"],"yoast_head":"<!-- This site is optimized with the Yoast SEO plugin v25.4 - https:\/\/yoast.com\/wordpress\/plugins\/seo\/ -->\n<title>Actualit\u00e9s<\/title>\n<meta name=\"robots\" content=\"index, follow, max-snippet:-1, max-image-preview:large, max-video-preview:-1\" \/>\n<link rel=\"canonical\" href=\"https:\/\/www.sercore.com\/en\/news\/\" \/>\n<meta property=\"og:locale\" content=\"fr_FR\" \/>\n<meta property=\"og:type\" content=\"article\" \/>\n<meta property=\"og:title\" content=\"Actualit\u00e9s\" \/>\n<meta property=\"og:description\" content=\"[vc_row row_height_percent=\u00a0\u00bb0&Prime; back_color=\u00a0\u00bbcolor-823184&Prime; back_image=\u00a0\u00bb74815&Prime; overlay_alpha=\u00a0\u00bb50&Prime; gutter_size=\u00a0\u00bb3&Prime; column_width_percent=\u00a0\u00bb100&Prime; shift_y=\u00a0\u00bb0&Prime; z_index=\u00a0\u00bb0&Prime;][vc_column column_width_percent=\u00a0\u00bb100&Prime; align_horizontal=\u00a0\u00bbalign_center\u00a0\u00bb gutter_size=\u00a0\u00bb3&Prime; overlay_alpha=\u00a0\u00bb50&Prime; shift_x=\u00a0\u00bb0&Prime; shift_y=\u00a0\u00bb0&Prime; shift_y_down=\u00a0\u00bb0&Prime; z_index=\u00a0\u00bb0&Prime; medium_width=\u00a0\u00bb0&Prime; mobile_width=\u00a0\u00bb0&Prime; width=\u00a0\u00bb2\/3&Prime; [&hellip;]\" \/>\n<meta property=\"og:url\" content=\"https:\/\/www.sercore.com\/en\/news\/\" \/>\n<meta property=\"og:site_name\" content=\"Grupo Sercore\" \/>\n<meta property=\"article:modified_time\" content=\"2024-10-15T20:29:07+00:00\" \/>\n<meta name=\"twitter:card\" content=\"summary_large_image\" \/>\n<meta name=\"twitter:label1\" content=\"Dur\u00e9e de lecture estim\u00e9e\" \/>\n\t<meta name=\"twitter:data1\" content=\"1 minute\" \/>\n<script type=\"application\/ld+json\" class=\"yoast-schema-graph\">{\"@context\":\"https:\/\/schema.org\",\"@graph\":[{\"@type\":\"WebPage\",\"@id\":\"https:\/\/www.sercore.com\/en\/news\/\",\"url\":\"https:\/\/www.sercore.com\/en\/news\/\",\"name\":\"Actualit\u00e9s\",\"isPartOf\":{\"@id\":\"https:\/\/www.sercore.com\/#website\"},\"datePublished\":\"2022-12-26T19:56:13+00:00\",\"dateModified\":\"2024-10-15T20:29:07+00:00\",\"breadcrumb\":{\"@id\":\"https:\/\/www.sercore.com\/en\/news\/#breadcrumb\"},\"inLanguage\":\"fr-FR\",\"potentialAction\":[{\"@type\":\"ReadAction\",\"target\":[\"https:\/\/www.sercore.com\/en\/news\/\"]}]},{\"@type\":\"BreadcrumbList\",\"@id\":\"https:\/\/www.sercore.com\/en\/news\/#breadcrumb\",\"itemListElement\":[{\"@type\":\"ListItem\",\"position\":1,\"name\":\"Portada\",\"item\":\"https:\/\/www.sercore.com\/fr\/accueil\/\"},{\"@type\":\"ListItem\",\"position\":2,\"name\":\"Actualit\u00e9s\"}]},{\"@type\":\"WebSite\",\"@id\":\"https:\/\/www.sercore.com\/#website\",\"url\":\"https:\/\/www.sercore.com\/\",\"name\":\"Grupo Sercore\",\"description\":\"Bienvenidos a Sercore\",\"potentialAction\":[{\"@type\":\"SearchAction\",\"target\":{\"@type\":\"EntryPoint\",\"urlTemplate\":\"https:\/\/www.sercore.com\/?s={search_term_string}\"},\"query-input\":{\"@type\":\"PropertyValueSpecification\",\"valueRequired\":true,\"valueName\":\"search_term_string\"}}],\"inLanguage\":\"fr-FR\"}]}<\/script>\n<!-- \/ Yoast SEO plugin. -->","yoast_head_json":{"title":"Actualit\u00e9s","robots":{"index":"index","follow":"follow","max-snippet":"max-snippet:-1","max-image-preview":"max-image-preview:large","max-video-preview":"max-video-preview:-1"},"canonical":"https:\/\/www.sercore.com\/en\/news\/","og_locale":"fr_FR","og_type":"article","og_title":"Actualit\u00e9s","og_description":"[vc_row row_height_percent=\u00a0\u00bb0&Prime; back_color=\u00a0\u00bbcolor-823184&Prime; back_image=\u00a0\u00bb74815&Prime; overlay_alpha=\u00a0\u00bb50&Prime; gutter_size=\u00a0\u00bb3&Prime; column_width_percent=\u00a0\u00bb100&Prime; shift_y=\u00a0\u00bb0&Prime; z_index=\u00a0\u00bb0&Prime;][vc_column column_width_percent=\u00a0\u00bb100&Prime; align_horizontal=\u00a0\u00bbalign_center\u00a0\u00bb gutter_size=\u00a0\u00bb3&Prime; overlay_alpha=\u00a0\u00bb50&Prime; shift_x=\u00a0\u00bb0&Prime; shift_y=\u00a0\u00bb0&Prime; shift_y_down=\u00a0\u00bb0&Prime; z_index=\u00a0\u00bb0&Prime; medium_width=\u00a0\u00bb0&Prime; mobile_width=\u00a0\u00bb0&Prime; width=\u00a0\u00bb2\/3&Prime; [&hellip;]","og_url":"https:\/\/www.sercore.com\/en\/news\/","og_site_name":"Grupo Sercore","article_modified_time":"2024-10-15T20:29:07+00:00","twitter_card":"summary_large_image","twitter_misc":{"Dur\u00e9e de lecture estim\u00e9e":"1 minute"},"schema":{"@context":"https:\/\/schema.org","@graph":[{"@type":"WebPage","@id":"https:\/\/www.sercore.com\/en\/news\/","url":"https:\/\/www.sercore.com\/en\/news\/","name":"Actualit\u00e9s","isPartOf":{"@id":"https:\/\/www.sercore.com\/#website"},"datePublished":"2022-12-26T19:56:13+00:00","dateModified":"2024-10-15T20:29:07+00:00","breadcrumb":{"@id":"https:\/\/www.sercore.com\/en\/news\/#breadcrumb"},"inLanguage":"fr-FR","potentialAction":[{"@type":"ReadAction","target":["https:\/\/www.sercore.com\/en\/news\/"]}]},{"@type":"BreadcrumbList","@id":"https:\/\/www.sercore.com\/en\/news\/#breadcrumb","itemListElement":[{"@type":"ListItem","position":1,"name":"Portada","item":"https:\/\/www.sercore.com\/fr\/accueil\/"},{"@type":"ListItem","position":2,"name":"Actualit\u00e9s"}]},{"@type":"WebSite","@id":"https:\/\/www.sercore.com\/#website","url":"https:\/\/www.sercore.com\/","name":"Grupo Sercore","description":"Bienvenidos a Sercore","potentialAction":[{"@type":"SearchAction","target":{"@type":"EntryPoint","urlTemplate":"https:\/\/www.sercore.com\/?s={search_term_string}"},"query-input":{"@type":"PropertyValueSpecification","valueRequired":true,"valueName":"search_term_string"}}],"inLanguage":"fr-FR"}]}},"_links":{"self":[{"href":"https:\/\/www.sercore.com\/fr\/wp-json\/wp\/v2\/pages\/74069","targetHints":{"allow":["GET"]}}],"collection":[{"href":"https:\/\/www.sercore.com\/fr\/wp-json\/wp\/v2\/pages"}],"about":[{"href":"https:\/\/www.sercore.com\/fr\/wp-json\/wp\/v2\/types\/page"}],"author":[{"embeddable":true,"href":"https:\/\/www.sercore.com\/fr\/wp-json\/wp\/v2\/users\/2"}],"replies":[{"embeddable":true,"href":"https:\/\/www.sercore.com\/fr\/wp-json\/wp\/v2\/comments?post=74069"}],"version-history":[{"count":14,"href":"https:\/\/www.sercore.com\/fr\/wp-json\/wp\/v2\/pages\/74069\/revisions"}],"predecessor-version":[{"id":76343,"href":"https:\/\/www.sercore.com\/fr\/wp-json\/wp\/v2\/pages\/74069\/revisions\/76343"}],"wp:attachment":[{"href":"https:\/\/www.sercore.com\/fr\/wp-json\/wp\/v2\/media?parent=74069"}],"curies":[{"name":"wp","href":"https:\/\/api.w.org\/{rel}","templated":true}]}}