{"id":74061,"date":"2022-12-26T20:27:57","date_gmt":"2022-12-26T19:27:57","guid":{"rendered":"http:\/\/sercore.binarysoluciones.eu\/?page_id=74061"},"modified":"2024-08-01T00:56:33","modified_gmt":"2024-07-31T22:56:33","slug":"garantie","status":"publish","type":"page","link":"https:\/\/www.sercore.com\/fr\/garantie\/","title":{"rendered":"Garantie"},"content":{"rendered":"<div class=\"wpb-content-wrapper\"><p>[vc_row row_height_percent=\u00a0\u00bb0&Prime; back_image=\u00a0\u00bb74964&Prime; back_position=\u00a0\u00bbcenter bottom\u00a0\u00bb overlay_alpha=\u00a0\u00bb50&Prime; gutter_size=\u00a0\u00bb3&Prime; column_width_percent=\u00a0\u00bb100&Prime; shift_y=\u00a0\u00bb0&Prime; z_index=\u00a0\u00bb0&Prime; row_height_pixel=\u00a0\u00bb500px\u00a0\u00bb][vc_column column_width_percent=\u00a0\u00bb100&Prime; align_horizontal=\u00a0\u00bbalign_center\u00a0\u00bb gutter_size=\u00a0\u00bb3&Prime; style=\u00a0\u00bbdark\u00a0\u00bb overlay_alpha=\u00a0\u00bb50&Prime; shift_x=\u00a0\u00bb0&Prime; shift_y=\u00a0\u00bb0&Prime; shift_y_down=\u00a0\u00bb0&Prime; z_index=\u00a0\u00bb0&Prime; medium_width=\u00a0\u00bb0&Prime; mobile_width=\u00a0\u00bb0&Prime; width=\u00a0\u00bb2\/3&Prime; css=\u00a0\u00bb.vc_custom_1669678799151{padding-top: 50px !important;}\u00a0\u00bb][vc_custom_heading text_color=\u00a0\u00bbcolor-xsdn\u00a0\u00bb heading_semantic=\u00a0\u00bbh1&Prime; text_font=\u00a0\u00bbfont-188119&Prime; text_size=\u00a0\u00bbfontsize-45&Prime; text_weight=\u00a0\u00bb900&Prime; text_height=\u00a0\u00bb\u00a0\u00bb text_space=\u00a0\u00bb\u00a0\u00bb]GESTION DES GARANTIE[\/vc_custom_heading][vc_column_text text_lead=\u00a0\u00bbyes\u00a0\u00bb uncode_shortcode_id=\u00a0\u00bb103042&Prime;]<strong>Avis important : les garanties urgentes et\/ou d\u00b4exp\u00e9rtise rapide sont trait\u00e9es par les voies habituelles en appelant 918845420 ou en envoyant un courrier \u00e9lectronique \u00e0 postventa@sercore.com.<\/strong>[\/vc_column_text][vc_button button_color=\u00a0\u00bbcolor-xsdn\u00a0\u00bb outline=\u00a0\u00bbyes\u00a0\u00bb border_width=\u00a0\u00bb0&Prime; link=\u00a0\u00bburl:https%3A%2F%2Fwww.sercore.com%2Ffr%2Fnous-contacter%2F\u00a0\u00bb]contact[\/vc_button][vc_column_text css=\u00a0\u00bb.vc_custom_1717161579284{margin-right: 100px !important;margin-left: 100px !important;}\u00a0\u00bb]https:\/\/youtu.be\/jCcTH-FGOLQ[\/vc_column_text][\/vc_column][\/vc_row]<\/p>\n<\/div>","protected":false},"excerpt":{"rendered":"<p>[vc_row row_height_percent=\u00a0\u00bb0&Prime; back_image=\u00a0\u00bb74964&Prime; back_position=\u00a0\u00bbcenter bottom\u00a0\u00bb overlay_alpha=\u00a0\u00bb50&Prime; gutter_size=\u00a0\u00bb3&Prime; column_width_percent=\u00a0\u00bb100&Prime; shift_y=\u00a0\u00bb0&Prime; z_index=\u00a0\u00bb0&Prime; row_height_pixel=\u00a0\u00bb500px\u00a0\u00bb][vc_column column_width_percent=\u00a0\u00bb100&Prime; align_horizontal=\u00a0\u00bbalign_center\u00a0\u00bb gutter_size=\u00a0\u00bb3&Prime; style=\u00a0\u00bbdark\u00a0\u00bb overlay_alpha=\u00a0\u00bb50&Prime; shift_x=\u00a0\u00bb0&Prime; shift_y=\u00a0\u00bb0&Prime; shift_y_down=\u00a0\u00bb0&Prime; z_index=\u00a0\u00bb0&Prime; [&hellip;]<\/p>\n","protected":false},"author":2,"featured_media":0,"parent":0,"menu_order":0,"comment_status":"closed","ping_status":"closed","template":"","meta":{"footnotes":""},"class_list":["post-74061","page","type-page","status-publish","hentry"],"yoast_head":"<!-- This site is optimized with the Yoast SEO plugin v25.4 - https:\/\/yoast.com\/wordpress\/plugins\/seo\/ -->\n<title>Garantie<\/title>\n<meta name=\"robots\" content=\"index, follow, max-snippet:-1, max-image-preview:large, max-video-preview:-1\" \/>\n<link rel=\"canonical\" href=\"https:\/\/www.sercore.com\/de\/sicherheitenmanagement\/\" \/>\n<meta property=\"og:locale\" content=\"fr_FR\" \/>\n<meta property=\"og:type\" content=\"article\" \/>\n<meta property=\"og:title\" content=\"Garantie\" \/>\n<meta property=\"og:description\" content=\"[vc_row row_height_percent=\u00a0\u00bb0&Prime; back_image=\u00a0\u00bb74964&Prime; back_position=\u00a0\u00bbcenter bottom\u00a0\u00bb overlay_alpha=\u00a0\u00bb50&Prime; gutter_size=\u00a0\u00bb3&Prime; column_width_percent=\u00a0\u00bb100&Prime; shift_y=\u00a0\u00bb0&Prime; z_index=\u00a0\u00bb0&Prime; row_height_pixel=\u00a0\u00bb500px\u00a0\u00bb][vc_column column_width_percent=\u00a0\u00bb100&Prime; align_horizontal=\u00a0\u00bbalign_center\u00a0\u00bb gutter_size=\u00a0\u00bb3&Prime; style=\u00a0\u00bbdark\u00a0\u00bb overlay_alpha=\u00a0\u00bb50&Prime; shift_x=\u00a0\u00bb0&Prime; shift_y=\u00a0\u00bb0&Prime; shift_y_down=\u00a0\u00bb0&Prime; z_index=\u00a0\u00bb0&Prime; [&hellip;]\" \/>\n<meta property=\"og:url\" content=\"https:\/\/www.sercore.com\/de\/sicherheitenmanagement\/\" \/>\n<meta property=\"og:site_name\" content=\"Grupo Sercore\" \/>\n<meta property=\"article:modified_time\" content=\"2024-07-31T22:56:33+00:00\" \/>\n<meta name=\"twitter:card\" content=\"summary_large_image\" \/>\n<meta name=\"twitter:label1\" content=\"Dur\u00e9e de lecture estim\u00e9e\" \/>\n\t<meta name=\"twitter:data1\" content=\"1 minute\" \/>\n<script type=\"application\/ld+json\" class=\"yoast-schema-graph\">{\"@context\":\"https:\/\/schema.org\",\"@graph\":[{\"@type\":\"WebPage\",\"@id\":\"https:\/\/www.sercore.com\/de\/sicherheitenmanagement\/\",\"url\":\"https:\/\/www.sercore.com\/de\/sicherheitenmanagement\/\",\"name\":\"Garantie\",\"isPartOf\":{\"@id\":\"https:\/\/www.sercore.com\/#website\"},\"datePublished\":\"2022-12-26T19:27:57+00:00\",\"dateModified\":\"2024-07-31T22:56:33+00:00\",\"breadcrumb\":{\"@id\":\"https:\/\/www.sercore.com\/de\/sicherheitenmanagement\/#breadcrumb\"},\"inLanguage\":\"fr-FR\",\"potentialAction\":[{\"@type\":\"ReadAction\",\"target\":[\"https:\/\/www.sercore.com\/de\/sicherheitenmanagement\/\"]}]},{\"@type\":\"BreadcrumbList\",\"@id\":\"https:\/\/www.sercore.com\/de\/sicherheitenmanagement\/#breadcrumb\",\"itemListElement\":[{\"@type\":\"ListItem\",\"position\":1,\"name\":\"Portada\",\"item\":\"https:\/\/www.sercore.com\/fr\/accueil\/\"},{\"@type\":\"ListItem\",\"position\":2,\"name\":\"Garantie\"}]},{\"@type\":\"WebSite\",\"@id\":\"https:\/\/www.sercore.com\/#website\",\"url\":\"https:\/\/www.sercore.com\/\",\"name\":\"Grupo Sercore\",\"description\":\"Bienvenidos a Sercore\",\"potentialAction\":[{\"@type\":\"SearchAction\",\"target\":{\"@type\":\"EntryPoint\",\"urlTemplate\":\"https:\/\/www.sercore.com\/?s={search_term_string}\"},\"query-input\":{\"@type\":\"PropertyValueSpecification\",\"valueRequired\":true,\"valueName\":\"search_term_string\"}}],\"inLanguage\":\"fr-FR\"}]}<\/script>\n<!-- \/ Yoast SEO plugin. -->","yoast_head_json":{"title":"Garantie","robots":{"index":"index","follow":"follow","max-snippet":"max-snippet:-1","max-image-preview":"max-image-preview:large","max-video-preview":"max-video-preview:-1"},"canonical":"https:\/\/www.sercore.com\/de\/sicherheitenmanagement\/","og_locale":"fr_FR","og_type":"article","og_title":"Garantie","og_description":"[vc_row row_height_percent=\u00a0\u00bb0&Prime; back_image=\u00a0\u00bb74964&Prime; back_position=\u00a0\u00bbcenter bottom\u00a0\u00bb overlay_alpha=\u00a0\u00bb50&Prime; gutter_size=\u00a0\u00bb3&Prime; column_width_percent=\u00a0\u00bb100&Prime; shift_y=\u00a0\u00bb0&Prime; z_index=\u00a0\u00bb0&Prime; row_height_pixel=\u00a0\u00bb500px\u00a0\u00bb][vc_column column_width_percent=\u00a0\u00bb100&Prime; align_horizontal=\u00a0\u00bbalign_center\u00a0\u00bb gutter_size=\u00a0\u00bb3&Prime; style=\u00a0\u00bbdark\u00a0\u00bb overlay_alpha=\u00a0\u00bb50&Prime; shift_x=\u00a0\u00bb0&Prime; shift_y=\u00a0\u00bb0&Prime; shift_y_down=\u00a0\u00bb0&Prime; z_index=\u00a0\u00bb0&Prime; [&hellip;]","og_url":"https:\/\/www.sercore.com\/de\/sicherheitenmanagement\/","og_site_name":"Grupo Sercore","article_modified_time":"2024-07-31T22:56:33+00:00","twitter_card":"summary_large_image","twitter_misc":{"Dur\u00e9e de lecture estim\u00e9e":"1 minute"},"schema":{"@context":"https:\/\/schema.org","@graph":[{"@type":"WebPage","@id":"https:\/\/www.sercore.com\/de\/sicherheitenmanagement\/","url":"https:\/\/www.sercore.com\/de\/sicherheitenmanagement\/","name":"Garantie","isPartOf":{"@id":"https:\/\/www.sercore.com\/#website"},"datePublished":"2022-12-26T19:27:57+00:00","dateModified":"2024-07-31T22:56:33+00:00","breadcrumb":{"@id":"https:\/\/www.sercore.com\/de\/sicherheitenmanagement\/#breadcrumb"},"inLanguage":"fr-FR","potentialAction":[{"@type":"ReadAction","target":["https:\/\/www.sercore.com\/de\/sicherheitenmanagement\/"]}]},{"@type":"BreadcrumbList","@id":"https:\/\/www.sercore.com\/de\/sicherheitenmanagement\/#breadcrumb","itemListElement":[{"@type":"ListItem","position":1,"name":"Portada","item":"https:\/\/www.sercore.com\/fr\/accueil\/"},{"@type":"ListItem","position":2,"name":"Garantie"}]},{"@type":"WebSite","@id":"https:\/\/www.sercore.com\/#website","url":"https:\/\/www.sercore.com\/","name":"Grupo Sercore","description":"Bienvenidos a Sercore","potentialAction":[{"@type":"SearchAction","target":{"@type":"EntryPoint","urlTemplate":"https:\/\/www.sercore.com\/?s={search_term_string}"},"query-input":{"@type":"PropertyValueSpecification","valueRequired":true,"valueName":"search_term_string"}}],"inLanguage":"fr-FR"}]}},"_links":{"self":[{"href":"https:\/\/www.sercore.com\/fr\/wp-json\/wp\/v2\/pages\/74061","targetHints":{"allow":["GET"]}}],"collection":[{"href":"https:\/\/www.sercore.com\/fr\/wp-json\/wp\/v2\/pages"}],"about":[{"href":"https:\/\/www.sercore.com\/fr\/wp-json\/wp\/v2\/types\/page"}],"author":[{"embeddable":true,"href":"https:\/\/www.sercore.com\/fr\/wp-json\/wp\/v2\/users\/2"}],"replies":[{"embeddable":true,"href":"https:\/\/www.sercore.com\/fr\/wp-json\/wp\/v2\/comments?post=74061"}],"version-history":[{"count":11,"href":"https:\/\/www.sercore.com\/fr\/wp-json\/wp\/v2\/pages\/74061\/revisions"}],"predecessor-version":[{"id":76138,"href":"https:\/\/www.sercore.com\/fr\/wp-json\/wp\/v2\/pages\/74061\/revisions\/76138"}],"wp:attachment":[{"href":"https:\/\/www.sercore.com\/fr\/wp-json\/wp\/v2\/media?parent=74061"}],"curies":[{"name":"wp","href":"https:\/\/api.w.org\/{rel}","templated":true}]}}