{"id":73169,"date":"2019-10-18T13:09:35","date_gmt":"2019-10-18T11:09:35","guid":{"rendered":"http:\/\/sercore.binarysoluciones.eu\/?page_id=73169"},"modified":"2023-01-06T20:27:08","modified_gmt":"2023-01-06T19:27:08","slug":"conditions-de-vente","status":"publish","type":"page","link":"https:\/\/www.sercore.com\/fr\/conditions-de-vente\/","title":{"rendered":"Conditions de vente"},"content":{"rendered":"<div class=\"wpb-content-wrapper\"><p>[vc_row row_height_percent=\u00a0\u00bb0&Prime; back_image=\u00a0\u00bb73698&Prime; back_attachment=\u00a0\u00bbfixed\u00a0\u00bb back_position=\u00a0\u00bbcenter top\u00a0\u00bb overlay_color=\u00a0\u00bbcolor-lxmt\u00a0\u00bb overlay_alpha=\u00a0\u00bb66&Prime; gutter_size=\u00a0\u00bb3&Prime; column_width_percent=\u00a0\u00bb100&Prime; shift_y=\u00a0\u00bb0&Prime; z_index=\u00a0\u00bb0&Prime; row_height_pixel=\u00a0\u00bb500px\u00a0\u00bb shape_dividers=\u00a0\u00bb\u00a0\u00bb][vc_column column_width_percent=\u00a0\u00bb100&Prime; position_vertical=\u00a0\u00bbmiddle\u00a0\u00bb align_horizontal=\u00a0\u00bbalign_center\u00a0\u00bb gutter_size=\u00a0\u00bb3&Prime; overlay_alpha=\u00a0\u00bb50&Prime; shift_x=\u00a0\u00bb0&Prime; shift_y=\u00a0\u00bb0&Prime; shift_y_down=\u00a0\u00bb0&Prime; z_index=\u00a0\u00bb0&Prime; medium_width=\u00a0\u00bb0&Prime; mobile_width=\u00a0\u00bb0&Prime; width=\u00a0\u00bb2\/3&Prime;][vc_custom_heading heading_semantic=\u00a0\u00bbh1&Prime; text_font=\u00a0\u00bbfont-188119&Prime; text_size=\u00a0\u00bbfontsize-45&Prime; text_weight=\u00a0\u00bb900&Prime; text_height=\u00a0\u00bb\u00a0\u00bb text_space=\u00a0\u00bb\u00a0\u00bb text_color=\u00a0\u00bbcolor-wayh\u00a0\u00bb]CONDITIONS DE VENTE[\/vc_custom_heading][\/vc_column][\/vc_row][vc_row row_height_percent=\u00a0\u00bb0&Prime; back_color=\u00a0\u00bbcolor-wayh\u00a0\u00bb overlay_alpha=\u00a0\u00bb66&Prime; equal_height=\u00a0\u00bbyes\u00a0\u00bb gutter_size=\u00a0\u00bb3&Prime; column_width_percent=\u00a0\u00bb100&Prime; shift_y=\u00a0\u00bb0&Prime; z_index=\u00a0\u00bb0&Prime;][vc_column column_width_percent=\u00a0\u00bb100&Prime; align_horizontal=\u00a0\u00bbalign_center\u00a0\u00bb gutter_size=\u00a0\u00bb3&Prime; style=\u00a0\u00bbdark\u00a0\u00bb overlay_alpha=\u00a0\u00bb50&Prime; shift_x=\u00a0\u00bb0&Prime; shift_y=\u00a0\u00bb0&Prime; shift_y_down=\u00a0\u00bb0&Prime; z_index=\u00a0\u00bb0&Prime; medium_width=\u00a0\u00bb0&Prime; mobile_width=\u00a0\u00bb0&Prime; width=\u00a0\u00bb1\/3&Prime;][vc_column_text text_lead=\u00a0\u00bbyes\u00a0\u00bb]<strong>Les conditions de\u00a0vente d\u00e9crivent les termes les plus important vis avis aux:\u00a0<\/strong><strong>commandes,\u00a0garanties et remboursements, transports et envoi de vieille mati\u00e8re desproduits de Sercore Tech. C\u00b4est des explications g\u00e9n\u00e9rales qui peuvent \u00eatre modifi\u00e9espar des accords sp\u00e9ciaux.<\/strong>[\/vc_column_text][\/vc_column][\/vc_row][vc_row row_height_percent=\u00a0\u00bb0&Prime; back_color=\u00a0\u00bbcolor-uydo\u00a0\u00bb back_image=\u00a0\u00bb73696&Prime; back_attachment=\u00a0\u00bbfixed\u00a0\u00bb overlay_color=\u00a0\u00bbcolor-lxmt\u00a0\u00bb overlay_alpha=\u00a0\u00bb66&Prime; equal_height=\u00a0\u00bbyes\u00a0\u00bb gutter_size=\u00a0\u00bb3&Prime; column_width_percent=\u00a0\u00bb100&Prime; shift_y=\u00a0\u00bb0&Prime; z_index=\u00a0\u00bb0&Prime;][vc_column column_width_percent=\u00a0\u00bb100&Prime; gutter_size=\u00a0\u00bb3&Prime; back_color=\u00a0\u00bbcolor-xsdn\u00a0\u00bb overlay_alpha=\u00a0\u00bb50&Prime; shift_x=\u00a0\u00bb0&Prime; shift_y=\u00a0\u00bb0&Prime; shift_y_down=\u00a0\u00bb0&Prime; z_index=\u00a0\u00bb0&Prime; medium_width=\u00a0\u00bb0&Prime; mobile_width=\u00a0\u00bb0&Prime; width=\u00a0\u00bb1\/3&Prime;][vc_custom_heading text_font=\u00a0\u00bbfont-188119&Prime; text_height=\u00a0\u00bb\u00a0\u00bb text_space=\u00a0\u00bb\u00a0\u00bb]Commande[\/vc_custom_heading][vc_column_text]<\/p>\n<div>Sauf si on travaille sur la carcasse du client, Sercore Teche\u00a0chargera une valeur de prix de tarif en concept de carcasse pour chaque pi\u00e8ce r\u00e9nov\u00e9e incluse dans la commande.<\/div>\n<div><\/div>\n<div>Les commandes ordinaires do ivent\u00eatres confirm\u00e9 par courrier \u00e9lectronique, fax ou bien \u00e0 travers notre servicede commande web.<\/div>\n<div><\/div>\n<p>[\/vc_column_text][\/vc_column][vc_column column_width_percent=\u00a0\u00bb100&Prime; gutter_size=\u00a0\u00bb3&Prime; back_color=\u00a0\u00bbcolor-xsdn\u00a0\u00bb overlay_alpha=\u00a0\u00bb50&Prime; shift_x=\u00a0\u00bb0&Prime; shift_y=\u00a0\u00bb0&Prime; shift_y_down=\u00a0\u00bb0&Prime; z_index=\u00a0\u00bb0&Prime; medium_width=\u00a0\u00bb0&Prime; mobile_width=\u00a0\u00bb0&Prime; width=\u00a0\u00bb1\/3&Prime;][vc_custom_heading text_font=\u00a0\u00bbfont-188119&Prime; text_height=\u00a0\u00bb\u00a0\u00bb text_space=\u00a0\u00bb\u00a0\u00bb]Envois[\/vc_custom_heading][vc_column_text]Le port des envois sera assum\u00e9 par\u00a0Sercore Tech si les commandes sont sup\u00e9rieures \u00e0 1.500\u20ac pour la p\u00e9ninsule et Bal\u00e9ares et\u00a02.000\u20ac pour les Iles Canaries.<\/p>\n<p>Pour les commandes en de\u00a0hors de l\u00b4Espagne, le ports\u00b4assumera ou non selon les conditions sp\u00e9cifiques n\u00e9goci\u00e9es avec les clients.[\/vc_column_text][\/vc_column][vc_column column_width_percent=\u00a0\u00bb100&Prime; gutter_size=\u00a0\u00bb3&Prime; back_color=\u00a0\u00bbcolor-xsdn\u00a0\u00bb overlay_alpha=\u00a0\u00bb50&Prime; shift_x=\u00a0\u00bb0&Prime; shift_y=\u00a0\u00bb0&Prime; shift_y_down=\u00a0\u00bb0&Prime; z_index=\u00a0\u00bb0&Prime; medium_width=\u00a0\u00bb0&Prime; mobile_width=\u00a0\u00bb0&Prime; width=\u00a0\u00bb1\/3&Prime;][vc_custom_heading text_font=\u00a0\u00bbfont-188119&Prime; text_height=\u00a0\u00bb\u00a0\u00bb text_space=\u00a0\u00bb\u00a0\u00bb]Remboursement[\/vc_custom_heading][vc_column_text]On n\u2019admit pas les remboursements apr\u00e8s 24h du moment del\u00b4achat. Quoi qu\u00b4il en soit, s\u00b4il y a un cas pareil, \u00e7a doit se faire par\u00a0autorisation de Sercore Tech en payant de 3 \u00e0 6 euros par pi\u00e8ce (\u00e7a d\u00e9pend du typede mat\u00e9riel) en concept de r\u00e9vision, remballage et transport.[\/vc_column_text][\/vc_column][\/vc_row][vc_row row_height_percent=\u00a0\u00bb0&Prime; back_color=\u00a0\u00bbcolor-uydo\u00a0\u00bb back_image=\u00a0\u00bb73696&Prime; back_attachment=\u00a0\u00bbfixed\u00a0\u00bb overlay_color=\u00a0\u00bbcolor-lxmt\u00a0\u00bb overlay_alpha=\u00a0\u00bb66&Prime; equal_height=\u00a0\u00bbyes\u00a0\u00bb gutter_size=\u00a0\u00bb3&Prime; column_width_percent=\u00a0\u00bb100&Prime; shift_y=\u00a0\u00bb0&Prime; z_index=\u00a0\u00bb0&Prime;][vc_column column_width_percent=\u00a0\u00bb100&Prime; gutter_size=\u00a0\u00bb3&Prime; back_color=\u00a0\u00bbcolor-xsdn\u00a0\u00bb overlay_alpha=\u00a0\u00bb50&Prime; shift_x=\u00a0\u00bb0&Prime; shift_y=\u00a0\u00bb0&Prime; shift_y_down=\u00a0\u00bb0&Prime; z_index=\u00a0\u00bb0&Prime; medium_width=\u00a0\u00bb0&Prime; mobile_width=\u00a0\u00bb0&Prime; width=\u00a0\u00bb1\/3&Prime;][vc_custom_heading text_font=\u00a0\u00bbfont-188119&Prime; text_height=\u00a0\u00bb\u00a0\u00bb text_space=\u00a0\u00bb\u00a0\u00bb]Garantie[\/vc_custom_heading][vc_column_text]Les produits ont une garantie en vertu de la directive\u00a01999\/44 \/ CE de l&rsquo;Union europ\u00e9enne. Sans l&rsquo;interf\u00e9rence de ce qui pr\u00e9c\u00e8de,\u00a0cette garantie couvre les d\u00e9fauts de fabrication \u00e0 partir de la dated&rsquo;installation des produits r\u00e9nov\u00e9s pour une p\u00e9riode de 12 mois ou 20.000 km, et\u00a0pour les nouveaux produits, une p\u00e9riode de 24 mois ou 30.000 km.<\/p>\n<p>Pour acc\u00e9der audroit de garantie, il est obligatoire de l\u2019activer \u00e0 travers la page web de\u00a0Sercore Tech.<\/p>\n<p>Les r\u00e9clamations en garantie de pi\u00e8ces Sercore Tech seront analys\u00e9es et r\u00e9solues dans un d\u00e9lai d\u00b4un mois \u00e0 partir de la date de la r\u00e9ception chez notre d\u00e9partement d\u00b4apr\u00e8s vente. Pour chaque pi\u00e8ce, on \u00e9mettra un dictame \u00e0travers un rapport.<\/p>\n<p>La documentation de r\u00e9solution des garanties sera envoy\u00e9e par courrier ordinaire. Il est convenable, pour un correct diagnostic de la panne sur la pi\u00e8ce, de joindre l\u00b4information correspondante du comportement dela m\u00eame. Sercore Tech n\u00b4acceptera pas de pi\u00e8ces en garantie qu\u00b4apr\u00e8s leur analyse,sont consid\u00e9r\u00e9es en correcte fonctionnement et en plus si celles-ci sont arriv\u00e9es \u00e0 nos installations sans documentation.<\/p>\n<p>Les garanties non-accept\u00e9es resteront \u00e0 disposition du client pour une p\u00e9riodede 70 jours \u00e0 partir de la date du rapport. Une fois cette p\u00e9riode est expir\u00e9e, Sercore Tech ne se porte pas garante de contr\u00f4ler les m\u00eames et ainsi qu\u00b4elle sera exempt\u00e9e de l\u00b4obligation de rembourser la pi\u00e8ce.<\/p>\n<p>Quand une garantie est accept\u00e9e, elle sera remplac\u00e9e par une autre pi\u00e8ce de la m\u00eame r\u00e9f\u00e9rence. Seulement si celle-ci ne peut pas \u00eatre envoy\u00e9e, on proc\u00e8dera au remboursement.<\/p>\n<p>Dans le cas ou on d\u00e9tecte un probl\u00e8me de fonctionnement,il faut contacter le service d\u00b4apr\u00e8s vente. Nos professionnels vous donnerontune assistance t\u00e9l\u00e9phonique qui pourrait r\u00e9soudre le probl\u00e8me sans rembourserla pi\u00e8ce.[\/vc_column_text][\/vc_column][\/vc_row][vc_row row_height_percent=\u00a0\u00bb0&Prime; back_color=\u00a0\u00bbcolor-uydo\u00a0\u00bb back_image=\u00a0\u00bb73696&Prime; back_attachment=\u00a0\u00bbfixed\u00a0\u00bb overlay_color=\u00a0\u00bbcolor-lxmt\u00a0\u00bb overlay_alpha=\u00a0\u00bb66&Prime; equal_height=\u00a0\u00bbyes\u00a0\u00bb gutter_size=\u00a0\u00bb3&Prime; column_width_percent=\u00a0\u00bb100&Prime; shift_y=\u00a0\u00bb0&Prime; z_index=\u00a0\u00bb0&Prime;][vc_column column_width_percent=\u00a0\u00bb100&Prime; gutter_size=\u00a0\u00bb3&Prime; back_color=\u00a0\u00bbcolor-xsdn\u00a0\u00bb overlay_alpha=\u00a0\u00bb50&Prime; shift_x=\u00a0\u00bb0&Prime; shift_y=\u00a0\u00bb0&Prime; shift_y_down=\u00a0\u00bb0&Prime; z_index=\u00a0\u00bb0&Prime; medium_width=\u00a0\u00bb0&Prime; mobile_width=\u00a0\u00bb0&Prime; width=\u00a0\u00bb1\/3&Prime;][vc_custom_heading text_font=\u00a0\u00bbfont-188119&Prime; text_height=\u00a0\u00bb\u00a0\u00bb text_space=\u00a0\u00bb\u00a0\u00bb]Livraison et \/ ou retour de la vielle mati\u00e8re[\/vc_custom_heading][vc_column_text]<\/p>\n<div>Les carcasses factur\u00e9es sont consid\u00e9r\u00e9es comme une vente ferme, donc priorit\u00e9 du client, sur lesquelles on appliquera les m\u00eame conditions de remboursement que n\u00b4importe quel autre produit d\u00e9finit dans le paragraphe ant\u00e9rieur de \u00abRemboursements \u00bb. Elles ne do iventjamais \u00eatre consid\u00e9r\u00e9es comme consignes avec possibilit\u00e9 d\u00b4\u00eatre rembours\u00e9es.<\/div>\n<div><\/div>\n<div>Sercore Tech acceptera, seulement, la livraison et\/ou le retour des carcasses quand cesderni\u00e8res vont \u00eatre envoy\u00e9es pour le processus de r\u00e9novation, ainsi que pour faciliter la logistique des livraisons et enl\u00e8vement de la vieille mati\u00e8re,\u00a0Sercore Tech peut avancer les produits r\u00e9nov\u00e9s plus le prix de la carcasse, et post\u00e9rieurement proc\u00e9der au remboursement dont le montant a \u00e9t\u00e9 anticip\u00e9. La p\u00e9riode maximale que Sercore \u00e9tablit pour l\u00b4acceptation et le remboursement deces carcasses pay\u00e9s auparavant est de 12 mois post\u00e9rieurs \u00e0 la date de facturation, mais une fois termin\u00e9 ce d\u00e9lai, le remboursement ne sera pas accept\u00e9.<\/div>\n<p>Sercore Tech aura une comptabilit\u00e9 r\u00e9f\u00e9rence par r\u00e9f\u00e9rence de la vieille mati\u00e8re encaiss\u00e9e et rembours\u00e9e pour chaque client. Pour respecterles r\u00e9glementations environnementales, on remboursera seulement les r\u00e9f\u00e9rences dont la diff\u00e9rence entre les carcasses encaiss\u00e9es et carcasses rembours\u00e9es est positive dans la p\u00e9riode d\u00e9finie ant\u00e9rieurement, 12 derniers mois de la date de livraison<\/p>\n<p>Contactez notre d\u00e9partement d\u00b4administration pour demander l\u00b4enl\u00e8vement de la vieille mati\u00e8re. Une agence ira dans les jours qui suivent pour proc\u00e9der \u00e0 l\u00b4enl\u00e8vement de la marchandise et la livrer \u00e0 Sercore Tech.<\/p>\n<p>La marchandise devra \u00eatre bien emball\u00e9e et identifi\u00e9e,sp\u00e9cifiant la provenance et incluant une liste contenant les r\u00e9f\u00e9rences. Chaque carcasse doit \u00eatre contenue dans l\u00b4emballage qui a g\u00e9n\u00e9r\u00e9 son retour pour la r\u00e9vision ou bien pour le remboursement, en cas de contraire, elle sera consid\u00e9r\u00e9e comme ferraille.[\/vc_column_text][\/vc_column][\/vc_row]<\/p>\n<\/div>","protected":false},"excerpt":{"rendered":"<p>[vc_row row_height_percent=\u00a0\u00bb0&Prime; back_image=\u00a0\u00bb73698&Prime; back_attachment=\u00a0\u00bbfixed\u00a0\u00bb back_position=\u00a0\u00bbcenter top\u00a0\u00bb overlay_color=\u00a0\u00bbcolor-lxmt\u00a0\u00bb overlay_alpha=\u00a0\u00bb66&Prime; gutter_size=\u00a0\u00bb3&Prime; column_width_percent=\u00a0\u00bb100&Prime; shift_y=\u00a0\u00bb0&Prime; z_index=\u00a0\u00bb0&Prime; row_height_pixel=\u00a0\u00bb500px\u00a0\u00bb shape_dividers=\u00a0\u00bb\u00a0\u00bb][vc_column column_width_percent=\u00a0\u00bb100&Prime; position_vertical=\u00a0\u00bbmiddle\u00a0\u00bb align_horizontal=\u00a0\u00bbalign_center\u00a0\u00bb gutter_size=\u00a0\u00bb3&Prime; overlay_alpha=\u00a0\u00bb50&Prime; shift_x=\u00a0\u00bb0&Prime; [&hellip;]<\/p>\n","protected":false},"author":2,"featured_media":0,"parent":0,"menu_order":0,"comment_status":"closed","ping_status":"closed","template":"","meta":{"footnotes":""},"class_list":["post-73169","page","type-page","status-publish","hentry"],"yoast_head":"<!-- This site is optimized with the Yoast SEO plugin v25.4 - https:\/\/yoast.com\/wordpress\/plugins\/seo\/ -->\n<title>Conditions de vente<\/title>\n<meta name=\"robots\" content=\"index, follow, max-snippet:-1, max-image-preview:large, max-video-preview:-1\" \/>\n<link rel=\"canonical\" href=\"https:\/\/www.sercore.com\/fr\/conditions-de-vente\/\" \/>\n<meta property=\"og:locale\" content=\"fr_FR\" \/>\n<meta property=\"og:type\" content=\"article\" \/>\n<meta property=\"og:title\" content=\"Conditions de vente\" \/>\n<meta property=\"og:description\" content=\"[vc_row row_height_percent=\u00a0\u00bb0&Prime; back_image=\u00a0\u00bb73698&Prime; back_attachment=\u00a0\u00bbfixed\u00a0\u00bb back_position=\u00a0\u00bbcenter top\u00a0\u00bb overlay_color=\u00a0\u00bbcolor-lxmt\u00a0\u00bb overlay_alpha=\u00a0\u00bb66&Prime; gutter_size=\u00a0\u00bb3&Prime; column_width_percent=\u00a0\u00bb100&Prime; shift_y=\u00a0\u00bb0&Prime; z_index=\u00a0\u00bb0&Prime; row_height_pixel=\u00a0\u00bb500px\u00a0\u00bb shape_dividers=\u00a0\u00bb\u00a0\u00bb][vc_column column_width_percent=\u00a0\u00bb100&Prime; position_vertical=\u00a0\u00bbmiddle\u00a0\u00bb align_horizontal=\u00a0\u00bbalign_center\u00a0\u00bb gutter_size=\u00a0\u00bb3&Prime; overlay_alpha=\u00a0\u00bb50&Prime; shift_x=\u00a0\u00bb0&Prime; [&hellip;]\" \/>\n<meta property=\"og:url\" content=\"https:\/\/www.sercore.com\/fr\/conditions-de-vente\/\" \/>\n<meta property=\"og:site_name\" content=\"Grupo Sercore\" \/>\n<meta property=\"article:modified_time\" content=\"2023-01-06T19:27:08+00:00\" \/>\n<meta name=\"twitter:card\" content=\"summary_large_image\" \/>\n<meta name=\"twitter:label1\" content=\"Dur\u00e9e de lecture estim\u00e9e\" \/>\n\t<meta name=\"twitter:data1\" content=\"5 minutes\" \/>\n<script type=\"application\/ld+json\" class=\"yoast-schema-graph\">{\"@context\":\"https:\/\/schema.org\",\"@graph\":[{\"@type\":\"WebPage\",\"@id\":\"https:\/\/www.sercore.com\/fr\/conditions-de-vente\/\",\"url\":\"https:\/\/www.sercore.com\/fr\/conditions-de-vente\/\",\"name\":\"Conditions de vente\",\"isPartOf\":{\"@id\":\"https:\/\/www.sercore.com\/#website\"},\"datePublished\":\"2019-10-18T11:09:35+00:00\",\"dateModified\":\"2023-01-06T19:27:08+00:00\",\"breadcrumb\":{\"@id\":\"https:\/\/www.sercore.com\/fr\/conditions-de-vente\/#breadcrumb\"},\"inLanguage\":\"fr-FR\",\"potentialAction\":[{\"@type\":\"ReadAction\",\"target\":[\"https:\/\/www.sercore.com\/fr\/conditions-de-vente\/\"]}]},{\"@type\":\"BreadcrumbList\",\"@id\":\"https:\/\/www.sercore.com\/fr\/conditions-de-vente\/#breadcrumb\",\"itemListElement\":[{\"@type\":\"ListItem\",\"position\":1,\"name\":\"Portada\",\"item\":\"https:\/\/www.sercore.com\/fr\/accueil\/\"},{\"@type\":\"ListItem\",\"position\":2,\"name\":\"Conditions de vente\"}]},{\"@type\":\"WebSite\",\"@id\":\"https:\/\/www.sercore.com\/#website\",\"url\":\"https:\/\/www.sercore.com\/\",\"name\":\"Grupo Sercore\",\"description\":\"Bienvenidos a Sercore\",\"potentialAction\":[{\"@type\":\"SearchAction\",\"target\":{\"@type\":\"EntryPoint\",\"urlTemplate\":\"https:\/\/www.sercore.com\/?s={search_term_string}\"},\"query-input\":{\"@type\":\"PropertyValueSpecification\",\"valueRequired\":true,\"valueName\":\"search_term_string\"}}],\"inLanguage\":\"fr-FR\"}]}<\/script>\n<!-- \/ Yoast SEO plugin. -->","yoast_head_json":{"title":"Conditions de vente","robots":{"index":"index","follow":"follow","max-snippet":"max-snippet:-1","max-image-preview":"max-image-preview:large","max-video-preview":"max-video-preview:-1"},"canonical":"https:\/\/www.sercore.com\/fr\/conditions-de-vente\/","og_locale":"fr_FR","og_type":"article","og_title":"Conditions de vente","og_description":"[vc_row row_height_percent=\u00a0\u00bb0&Prime; back_image=\u00a0\u00bb73698&Prime; back_attachment=\u00a0\u00bbfixed\u00a0\u00bb back_position=\u00a0\u00bbcenter top\u00a0\u00bb overlay_color=\u00a0\u00bbcolor-lxmt\u00a0\u00bb overlay_alpha=\u00a0\u00bb66&Prime; gutter_size=\u00a0\u00bb3&Prime; column_width_percent=\u00a0\u00bb100&Prime; shift_y=\u00a0\u00bb0&Prime; z_index=\u00a0\u00bb0&Prime; row_height_pixel=\u00a0\u00bb500px\u00a0\u00bb shape_dividers=\u00a0\u00bb\u00a0\u00bb][vc_column column_width_percent=\u00a0\u00bb100&Prime; position_vertical=\u00a0\u00bbmiddle\u00a0\u00bb align_horizontal=\u00a0\u00bbalign_center\u00a0\u00bb gutter_size=\u00a0\u00bb3&Prime; overlay_alpha=\u00a0\u00bb50&Prime; shift_x=\u00a0\u00bb0&Prime; [&hellip;]","og_url":"https:\/\/www.sercore.com\/fr\/conditions-de-vente\/","og_site_name":"Grupo Sercore","article_modified_time":"2023-01-06T19:27:08+00:00","twitter_card":"summary_large_image","twitter_misc":{"Dur\u00e9e de lecture estim\u00e9e":"5 minutes"},"schema":{"@context":"https:\/\/schema.org","@graph":[{"@type":"WebPage","@id":"https:\/\/www.sercore.com\/fr\/conditions-de-vente\/","url":"https:\/\/www.sercore.com\/fr\/conditions-de-vente\/","name":"Conditions de vente","isPartOf":{"@id":"https:\/\/www.sercore.com\/#website"},"datePublished":"2019-10-18T11:09:35+00:00","dateModified":"2023-01-06T19:27:08+00:00","breadcrumb":{"@id":"https:\/\/www.sercore.com\/fr\/conditions-de-vente\/#breadcrumb"},"inLanguage":"fr-FR","potentialAction":[{"@type":"ReadAction","target":["https:\/\/www.sercore.com\/fr\/conditions-de-vente\/"]}]},{"@type":"BreadcrumbList","@id":"https:\/\/www.sercore.com\/fr\/conditions-de-vente\/#breadcrumb","itemListElement":[{"@type":"ListItem","position":1,"name":"Portada","item":"https:\/\/www.sercore.com\/fr\/accueil\/"},{"@type":"ListItem","position":2,"name":"Conditions de vente"}]},{"@type":"WebSite","@id":"https:\/\/www.sercore.com\/#website","url":"https:\/\/www.sercore.com\/","name":"Grupo Sercore","description":"Bienvenidos a Sercore","potentialAction":[{"@type":"SearchAction","target":{"@type":"EntryPoint","urlTemplate":"https:\/\/www.sercore.com\/?s={search_term_string}"},"query-input":{"@type":"PropertyValueSpecification","valueRequired":true,"valueName":"search_term_string"}}],"inLanguage":"fr-FR"}]}},"_links":{"self":[{"href":"https:\/\/www.sercore.com\/fr\/wp-json\/wp\/v2\/pages\/73169","targetHints":{"allow":["GET"]}}],"collection":[{"href":"https:\/\/www.sercore.com\/fr\/wp-json\/wp\/v2\/pages"}],"about":[{"href":"https:\/\/www.sercore.com\/fr\/wp-json\/wp\/v2\/types\/page"}],"author":[{"embeddable":true,"href":"https:\/\/www.sercore.com\/fr\/wp-json\/wp\/v2\/users\/2"}],"replies":[{"embeddable":true,"href":"https:\/\/www.sercore.com\/fr\/wp-json\/wp\/v2\/comments?post=73169"}],"version-history":[{"count":6,"href":"https:\/\/www.sercore.com\/fr\/wp-json\/wp\/v2\/pages\/73169\/revisions"}],"predecessor-version":[{"id":74844,"href":"https:\/\/www.sercore.com\/fr\/wp-json\/wp\/v2\/pages\/73169\/revisions\/74844"}],"wp:attachment":[{"href":"https:\/\/www.sercore.com\/fr\/wp-json\/wp\/v2\/media?parent=73169"}],"curies":[{"name":"wp","href":"https:\/\/api.w.org\/{rel}","templated":true}]}}