{"id":73181,"date":"2019-10-18T13:27:53","date_gmt":"2019-10-18T11:27:53","guid":{"rendered":"http:\/\/sercore.binarysoluciones.eu\/?page_id=73181"},"modified":"2019-10-18T13:27:53","modified_gmt":"2019-10-18T11:27:53","slug":"logistics-distribution","status":"publish","type":"page","link":"https:\/\/www.sercore.com\/en\/logistics-distribution\/","title":{"rendered":"Logistics distribution"},"content":{"rendered":"<div class=\"wpb-content-wrapper\"><p>[vc_row row_height_percent=&#8221;60&#8243; back_image=&#8221;11&#8243; overlay_color=&#8221;color-wayh&#8221; overlay_alpha=&#8221;100&#8243; gutter_size=&#8221;3&#8243; column_width_percent=&#8221;100&#8243; shift_y=&#8221;0&#8243; z_index=&#8221;0&#8243;][vc_column column_width_percent=&#8221;100&#8243; position_vertical=&#8221;bottom&#8221; align_horizontal=&#8221;align_center&#8221; style=&#8221;dark&#8221; overlay_alpha=&#8221;50&#8243; gutter_size=&#8221;3&#8243; medium_width=&#8221;0&#8243; mobile_width=&#8221;0&#8243; shift_x=&#8221;0&#8243; shift_y=&#8221;0&#8243; shift_y_down=&#8221;0&#8243; z_index=&#8221;0&#8243; width=&#8221;1\/1&#8243;][vc_custom_heading heading_semantic=&#8221;h1&#8243; text_size=&#8221;fontsize-50&#8243; text_height=&#8221;&#8221; text_space=&#8221;fontspace&#8211;25&#8243; text_weight=&#8221;700&#8243;]Logistics distribution[\/vc_custom_heading][vc_row_inner row_inner_height_percent=&#8221;0&#8243; overlay_alpha=&#8221;50&#8243; gutter_size=&#8221;3&#8243; shift_y=&#8221;-2&#8243; z_index=&#8221;0&#8243;][vc_column_inner column_width_percent=&#8221;100&#8243; align_horizontal=&#8221;align_center&#8221; gutter_size=&#8221;3&#8243; overlay_alpha=&#8221;50&#8243; medium_width=&#8221;0&#8243; mobile_width=&#8221;0&#8243; shift_x=&#8221;0&#8243; shift_y=&#8221;0&#8243; shift_y_down=&#8221;0&#8243; z_index=&#8221;0&#8243; width=&#8221;1\/1&#8243;][vc_single_image media=&#8221;25&#8243; media_width_use_pixel=&#8221;yes&#8221; alignment=&#8221;center&#8221; media_width_pixel=&#8221;516&#8243;][\/vc_column_inner][\/vc_row_inner][vc_custom_heading text_size=&#8221;h5&#8243; text_height=&#8221;&#8221; text_space=&#8221;&#8221; text_font=&#8221;font-Merriweather&#8221;]<strong>Sercore has a wide range of possibilities in its distribution systems; which are always adapted to customer needs, both in speed and coverage of areas.<\/strong>[\/vc_custom_heading][\/vc_column][\/vc_row][vc_row unlock_row_content=&#8221;yes&#8221; row_height_percent=&#8221;0&#8243; override_padding=&#8221;yes&#8221; h_padding=&#8221;0&#8243; top_padding=&#8221;0&#8243; bottom_padding=&#8221;0&#8243; overlay_alpha=&#8221;50&#8243; gutter_size=&#8221;0&#8243; column_width_percent=&#8221;100&#8243; shift_y=&#8221;0&#8243; z_index=&#8221;0&#8243;][vc_column column_width_percent=&#8221;100&#8243; expand_height=&#8221;yes&#8221; override_padding=&#8221;yes&#8221; column_padding=&#8221;0&#8243; back_image=&#8221;72645&#8243; overlay_alpha=&#8221;50&#8243; gutter_size=&#8221;3&#8243; medium_width=&#8221;0&#8243; mobile_width=&#8221;0&#8243; shift_x=&#8221;0&#8243; shift_y=&#8221;0&#8243; shift_y_down=&#8221;0&#8243; z_index=&#8221;0&#8243; width=&#8221;1\/2&#8243; mobile_height=&#8221;300&#8243;][vc_empty_space empty_h=&#8221;2&#8243;][\/vc_column][vc_column column_width_percent=&#8221;100&#8243; override_padding=&#8221;yes&#8221; column_padding=&#8221;5&#8243; overlay_alpha=&#8221;50&#8243; gutter_size=&#8221;3&#8243; medium_width=&#8221;0&#8243; mobile_width=&#8221;0&#8243; shift_x=&#8221;0&#8243; shift_y=&#8221;0&#8243; shift_y_down=&#8221;0&#8243; z_index=&#8221;0&#8243; width=&#8221;1\/2&#8243;][vc_custom_heading heading_semantic=&#8221;h5&#8243; text_size=&#8221;h6&#8243; text_height=&#8221;&#8221; text_space=&#8221;&#8221; text_font=&#8221;font-555555&#8243; text_weight=&#8221;700&#8243; text_transform=&#8221;uppercase&#8221; el_class=&#8221;spacing&#8221;]Distribution by own resources for the peninsula[\/vc_custom_heading][vc_column_text]<\/p>\n<h3>The company uses its own vehicles distributing goods through pre-established routs covering the peninsular territory (Portugal incl.) on a monthly basis.<br \/>\nApart from the distribution of material the truck also collects generated cores.<\/h3>\n<p>[\/vc_column_text][\/vc_column][\/vc_row][vc_row unlock_row_content=&#8221;yes&#8221; row_height_percent=&#8221;0&#8243; override_padding=&#8221;yes&#8221; h_padding=&#8221;0&#8243; top_padding=&#8221;0&#8243; bottom_padding=&#8221;0&#8243; overlay_alpha=&#8221;50&#8243; gutter_size=&#8221;0&#8243; column_width_percent=&#8221;100&#8243; medium_visibility=&#8221;yes&#8221; mobile_visibility=&#8221;yes&#8221; shift_y=&#8221;0&#8243; z_index=&#8221;0&#8243;][vc_column column_width_percent=&#8221;100&#8243; override_padding=&#8221;yes&#8221; column_padding=&#8221;5&#8243; overlay_alpha=&#8221;50&#8243; gutter_size=&#8221;3&#8243; medium_width=&#8221;0&#8243; mobile_width=&#8221;0&#8243; shift_x=&#8221;0&#8243; shift_y=&#8221;0&#8243; shift_y_down=&#8221;0&#8243; z_index=&#8221;0&#8243; width=&#8221;1\/2&#8243;][vc_custom_heading heading_semantic=&#8221;h5&#8243; text_size=&#8221;h6&#8243; text_height=&#8221;&#8221; text_space=&#8221;&#8221; text_font=&#8221;font-555555&#8243; text_weight=&#8221;700&#8243; text_transform=&#8221;uppercase&#8221; el_class=&#8221;spacing&#8221;]Area of supplies spain and portugal[\/vc_custom_heading][vc_column_text]<\/p>\n<h3>Urgent orders: delivery time of 12\/24 hours<\/h3>\n<p>Regular orders: delivery time 3 to 7 days<\/p>\n<p>Local area: average delivery time of 2 hours<\/p>\n<p>[\/vc_column_text][\/vc_column][vc_column column_width_percent=&#8221;100&#8243; expand_height=&#8221;yes&#8221; override_padding=&#8221;yes&#8221; column_padding=&#8221;0&#8243; back_image=&#8221;72273&#8243; overlay_alpha=&#8221;50&#8243; gutter_size=&#8221;3&#8243; medium_width=&#8221;0&#8243; mobile_width=&#8221;0&#8243; shift_x=&#8221;0&#8243; shift_y=&#8221;0&#8243; shift_y_down=&#8221;0&#8243; z_index=&#8221;0&#8243; width=&#8221;1\/2&#8243; mobile_height=&#8221;300&#8243;][vc_empty_space empty_h=&#8221;2&#8243;][\/vc_column][\/vc_row][vc_row unlock_row_content=&#8221;yes&#8221; row_height_percent=&#8221;0&#8243; override_padding=&#8221;yes&#8221; h_padding=&#8221;0&#8243; top_padding=&#8221;0&#8243; bottom_padding=&#8221;0&#8243; overlay_alpha=&#8221;50&#8243; gutter_size=&#8221;0&#8243; column_width_percent=&#8221;100&#8243; desktop_visibility=&#8221;yes&#8221; shift_y=&#8221;0&#8243; z_index=&#8221;0&#8243;][vc_column column_width_percent=&#8221;100&#8243; expand_height=&#8221;yes&#8221; override_padding=&#8221;yes&#8221; column_padding=&#8221;0&#8243; back_image=&#8221;72273&#8243; overlay_alpha=&#8221;50&#8243; gutter_size=&#8221;3&#8243; medium_width=&#8221;0&#8243; mobile_width=&#8221;0&#8243; shift_x=&#8221;0&#8243; shift_y=&#8221;0&#8243; shift_y_down=&#8221;0&#8243; z_index=&#8221;0&#8243; width=&#8221;1\/2&#8243; mobile_height=&#8221;300&#8243;][vc_empty_space empty_h=&#8221;2&#8243;][\/vc_column][vc_column column_width_percent=&#8221;100&#8243; override_padding=&#8221;yes&#8221; column_padding=&#8221;5&#8243; overlay_alpha=&#8221;50&#8243; gutter_size=&#8221;3&#8243; medium_width=&#8221;0&#8243; mobile_width=&#8221;0&#8243; shift_x=&#8221;0&#8243; shift_y=&#8221;0&#8243; shift_y_down=&#8221;0&#8243; z_index=&#8221;0&#8243; width=&#8221;1\/2&#8243;][vc_custom_heading heading_semantic=&#8221;h5&#8243; text_size=&#8221;h6&#8243; text_height=&#8221;&#8221; text_space=&#8221;&#8221; text_font=&#8221;font-555555&#8243; text_weight=&#8221;700&#8243; text_transform=&#8221;uppercase&#8221; el_class=&#8221;spacing&#8221;]International supply[\/vc_custom_heading][vc_column_text]<\/p>\n<h3>Pedidos urgentes: entrega en 12\/24 horas.<\/h3>\n<h3>Pedidos ordinarios: entrega de 3 a 7 d\u00edas<\/h3>\n<h3>\u00c1rea local: tiempo medio de entrega dos horas.<\/h3>\n<p>[\/vc_column_text][\/vc_column][\/vc_row][vc_row unlock_row_content=&#8221;yes&#8221; row_height_percent=&#8221;0&#8243; override_padding=&#8221;yes&#8221; h_padding=&#8221;0&#8243; top_padding=&#8221;0&#8243; bottom_padding=&#8221;0&#8243; overlay_alpha=&#8221;50&#8243; gutter_size=&#8221;0&#8243; column_width_percent=&#8221;100&#8243; border_color=&#8221;color-005edf&#8221; border_style=&#8221;solid&#8221; shift_y=&#8221;0&#8243; z_index=&#8221;0&#8243; css=&#8221;.vc_custom_1558612637731{border-bottom-width: 13px !important;}&#8221;][vc_column column_width_percent=&#8221;100&#8243; expand_height=&#8221;yes&#8221; override_padding=&#8221;yes&#8221; column_padding=&#8221;0&#8243; back_image=&#8221;72276&#8243; overlay_alpha=&#8221;50&#8243; gutter_size=&#8221;3&#8243; medium_width=&#8221;0&#8243; mobile_width=&#8221;0&#8243; shift_x=&#8221;0&#8243; shift_y=&#8221;0&#8243; shift_y_down=&#8221;0&#8243; z_index=&#8221;0&#8243; width=&#8221;1\/2&#8243; mobile_height=&#8221;300&#8243;][vc_empty_space empty_h=&#8221;2&#8243;][\/vc_column][vc_column column_width_percent=&#8221;100&#8243; override_padding=&#8221;yes&#8221; column_padding=&#8221;5&#8243; overlay_alpha=&#8221;50&#8243; gutter_size=&#8221;3&#8243; medium_width=&#8221;0&#8243; mobile_width=&#8221;0&#8243; shift_x=&#8221;0&#8243; shift_y=&#8221;0&#8243; shift_y_down=&#8221;0&#8243; z_index=&#8221;0&#8243; width=&#8221;1\/2&#8243;][vc_custom_heading heading_semantic=&#8221;h5&#8243; text_size=&#8221;h6&#8243; text_height=&#8221;&#8221; text_space=&#8221;&#8221; text_font=&#8221;font-555555&#8243; text_weight=&#8221;700&#8243; text_transform=&#8221;uppercase&#8221; el_class=&#8221;spacing&#8221;]SUMINISTROS \u00c1REA INTERNACIONAL[\/vc_custom_heading][vc_column_text]<\/p>\n<h3>(urgent orders to Europe according to delivery type)<br \/>\nRoad: within 2 to 5 days depending on the origin and destination countries \/\/ Airfreight: 24 hours service<\/h3>\n<p>[\/vc_column_text][\/vc_column][\/vc_row][vc_row row_height_percent=&#8221;0&#8243; overlay_alpha=&#8221;50&#8243; gutter_size=&#8221;3&#8243; column_width_percent=&#8221;100&#8243; desktop_visibility=&#8221;yes&#8221; medium_visibility=&#8221;yes&#8221; mobile_visibility=&#8221;yes&#8221; shift_y=&#8221;0&#8243; z_index=&#8221;0&#8243;][vc_column width=&#8221;1\/1&#8243;][vc_custom_heading text_size=&#8221;h5&#8243; text_height=&#8221;&#8221; text_space=&#8221;&#8221; text_font=&#8221;font-Merriweather&#8221;]<strong>Sercore posee una amplia gama de posibilidades en su sistema de distribuci\u00f3n; \u00e9stos siempre est\u00e1n adaptados a las necesidades de los clientes tanto en rapidez como en cobertura de zonas.<\/strong>[\/vc_custom_heading][\/vc_column][\/vc_row][vc_row row_height_percent=&#8221;0&#8243; overlay_alpha=&#8221;50&#8243; gutter_size=&#8221;3&#8243; column_width_percent=&#8221;100&#8243; desktop_visibility=&#8221;yes&#8221; medium_visibility=&#8221;yes&#8221; mobile_visibility=&#8221;yes&#8221; shift_y=&#8221;0&#8243; z_index=&#8221;0&#8243;][vc_column width=&#8221;1\/2&#8243;][vc_single_image media=&#8221;72265&#8243; media_width_percent=&#8221;100&#8243;][\/vc_column][vc_column column_width_percent=&#8221;100&#8243; position_vertical=&#8221;middle&#8221; overlay_alpha=&#8221;50&#8243; gutter_size=&#8221;3&#8243; medium_width=&#8221;0&#8243; mobile_width=&#8221;0&#8243; shift_x=&#8221;0&#8243; shift_y=&#8221;0&#8243; shift_y_down=&#8221;0&#8243; z_index=&#8221;0&#8243; width=&#8221;1\/2&#8243;][vc_custom_heading heading_semantic=&#8221;h5&#8243; text_size=&#8221;h6&#8243; text_height=&#8221;&#8221; text_space=&#8221;&#8221; text_font=&#8221;font-555555&#8243; text_weight=&#8221;700&#8243; text_transform=&#8221;uppercase&#8221; el_class=&#8221;spacing height&#8221;]Distribuci\u00f3n por medios propios para la pen\u00ednsula[\/vc_custom_heading][vc_column_text]Posee veh\u00edculos propios con los cuales efect\u00faa mensualmente un reparto mediante rutas preestablecidas que cubre todo el territorio peninsular (Incl. Portugal).<\/p>\n<p>Adem\u00e1s la distribuci\u00f3n de material, se recogen los cascos generados.[\/vc_column_text][\/vc_column][\/vc_row][vc_row row_height_percent=&#8221;0&#8243; overlay_alpha=&#8221;50&#8243; gutter_size=&#8221;3&#8243; column_width_percent=&#8221;100&#8243; desktop_visibility=&#8221;yes&#8221; medium_visibility=&#8221;yes&#8221; mobile_visibility=&#8221;yes&#8221; shift_y=&#8221;0&#8243; z_index=&#8221;0&#8243;][vc_column column_width_percent=&#8221;100&#8243; position_vertical=&#8221;middle&#8221; overlay_alpha=&#8221;50&#8243; gutter_size=&#8221;3&#8243; medium_width=&#8221;0&#8243; mobile_width=&#8221;0&#8243; shift_x=&#8221;0&#8243; shift_y=&#8221;0&#8243; shift_y_down=&#8221;0&#8243; z_index=&#8221;0&#8243; width=&#8221;1\/2&#8243;][vc_custom_heading heading_semantic=&#8221;h5&#8243; text_size=&#8221;h6&#8243; text_height=&#8221;&#8221; text_space=&#8221;&#8221; text_font=&#8221;font-555555&#8243; text_weight=&#8221;700&#8243; text_transform=&#8221;uppercase&#8221; el_class=&#8221;spacing height&#8221;]Zona de suministros en toda la pen\u00ednsula ib\u00e9rica incl. Portugal[\/vc_custom_heading][vc_column_text]Pedidos urgentes: entrega en 12\/24 horas.<\/p>\n<p>Pedidos ordinarios: entrega de 3 a 7 d\u00edas<\/p>\n<p>\u00c1rea local: tiempo medio de entrega dos horas.[\/vc_column_text][\/vc_column][vc_column width=&#8221;1\/2&#8243;][vc_single_image media=&#8221;72273&#8243; media_width_percent=&#8221;100&#8243;][\/vc_column][\/vc_row][vc_row row_height_percent=&#8221;0&#8243; overlay_alpha=&#8221;50&#8243; gutter_size=&#8221;3&#8243; column_width_percent=&#8221;100&#8243; desktop_visibility=&#8221;yes&#8221; medium_visibility=&#8221;yes&#8221; mobile_visibility=&#8221;yes&#8221; shift_y=&#8221;0&#8243; z_index=&#8221;0&#8243;][vc_column width=&#8221;1\/2&#8243;][vc_single_image media=&#8221;72276&#8243; media_width_percent=&#8221;100&#8243;][\/vc_column][vc_column column_width_percent=&#8221;100&#8243; position_vertical=&#8221;middle&#8221; overlay_alpha=&#8221;50&#8243; gutter_size=&#8221;3&#8243; medium_width=&#8221;0&#8243; mobile_width=&#8221;0&#8243; shift_x=&#8221;0&#8243; shift_y=&#8221;0&#8243; shift_y_down=&#8221;0&#8243; z_index=&#8221;0&#8243; width=&#8221;1\/2&#8243;][vc_custom_heading heading_semantic=&#8221;h5&#8243; text_size=&#8221;h6&#8243; text_height=&#8221;&#8221; text_space=&#8221;&#8221; text_font=&#8221;font-555555&#8243; text_weight=&#8221;700&#8243; text_transform=&#8221;uppercase&#8221; el_class=&#8221;spacing height&#8221;]Suministros \u00e1rea internacional[\/vc_custom_heading][vc_column_text](pedidos urgentes a Europa seg\u00fan su modalidad)<\/p>\n<p>Terrestre: de 2 a 5 d\u00edas seg\u00fan destino \/\/ A\u00e9reo: Servicio 24 horas[\/vc_column_text][\/vc_column][\/vc_row]<\/p>\n<\/div>","protected":false},"excerpt":{"rendered":"<p>[vc_row row_height_percent=&#8221;60&#8243; back_image=&#8221;11&#8243; overlay_color=&#8221;color-wayh&#8221; overlay_alpha=&#8221;100&#8243; gutter_size=&#8221;3&#8243; column_width_percent=&#8221;100&#8243; shift_y=&#8221;0&#8243; z_index=&#8221;0&#8243;][vc_column column_width_percent=&#8221;100&#8243; position_vertical=&#8221;bottom&#8221; align_horizontal=&#8221;align_center&#8221; style=&#8221;dark&#8221; overlay_alpha=&#8221;50&#8243; gutter_size=&#8221;3&#8243; medium_width=&#8221;0&#8243; mobile_width=&#8221;0&#8243; shift_x=&#8221;0&#8243; shift_y=&#8221;0&#8243; shift_y_down=&#8221;0&#8243; [&hellip;]<\/p>\n","protected":false},"author":2,"featured_media":0,"parent":0,"menu_order":0,"comment_status":"closed","ping_status":"closed","template":"","meta":{"footnotes":""},"class_list":["post-73181","page","type-page","status-publish","hentry"],"yoast_head":"<!-- This site is optimized with the Yoast SEO plugin v25.4 - https:\/\/yoast.com\/wordpress\/plugins\/seo\/ -->\n<title>Logistics distribution - Grupo Sercore<\/title>\n<meta name=\"robots\" content=\"index, follow, max-snippet:-1, max-image-preview:large, max-video-preview:-1\" \/>\n<link rel=\"canonical\" href=\"https:\/\/www.sercore.com\/en\/logistics-distribution\/\" \/>\n<meta property=\"og:locale\" content=\"en_US\" \/>\n<meta property=\"og:type\" content=\"article\" \/>\n<meta property=\"og:title\" content=\"Logistics distribution - Grupo Sercore\" \/>\n<meta property=\"og:description\" content=\"[vc_row row_height_percent=&#8221;60&#8243; back_image=&#8221;11&#8243; overlay_color=&#8221;color-wayh&#8221; overlay_alpha=&#8221;100&#8243; gutter_size=&#8221;3&#8243; column_width_percent=&#8221;100&#8243; shift_y=&#8221;0&#8243; z_index=&#8221;0&#8243;][vc_column column_width_percent=&#8221;100&#8243; position_vertical=&#8221;bottom&#8221; align_horizontal=&#8221;align_center&#8221; style=&#8221;dark&#8221; overlay_alpha=&#8221;50&#8243; gutter_size=&#8221;3&#8243; medium_width=&#8221;0&#8243; mobile_width=&#8221;0&#8243; shift_x=&#8221;0&#8243; shift_y=&#8221;0&#8243; shift_y_down=&#8221;0&#8243; [&hellip;]\" \/>\n<meta property=\"og:url\" content=\"https:\/\/www.sercore.com\/en\/logistics-distribution\/\" \/>\n<meta property=\"og:site_name\" content=\"Grupo Sercore\" \/>\n<meta name=\"twitter:card\" content=\"summary_large_image\" \/>\n<meta name=\"twitter:label1\" content=\"Est. reading time\" \/>\n\t<meta name=\"twitter:data1\" content=\"7 minutes\" \/>\n<script type=\"application\/ld+json\" class=\"yoast-schema-graph\">{\"@context\":\"https:\/\/schema.org\",\"@graph\":[{\"@type\":\"WebPage\",\"@id\":\"https:\/\/www.sercore.com\/en\/logistics-distribution\/\",\"url\":\"https:\/\/www.sercore.com\/en\/logistics-distribution\/\",\"name\":\"Logistics distribution - Grupo Sercore\",\"isPartOf\":{\"@id\":\"https:\/\/www.sercore.com\/#website\"},\"datePublished\":\"2019-10-18T11:27:53+00:00\",\"breadcrumb\":{\"@id\":\"https:\/\/www.sercore.com\/en\/logistics-distribution\/#breadcrumb\"},\"inLanguage\":\"en-US\",\"potentialAction\":[{\"@type\":\"ReadAction\",\"target\":[\"https:\/\/www.sercore.com\/en\/logistics-distribution\/\"]}]},{\"@type\":\"BreadcrumbList\",\"@id\":\"https:\/\/www.sercore.com\/en\/logistics-distribution\/#breadcrumb\",\"itemListElement\":[{\"@type\":\"ListItem\",\"position\":1,\"name\":\"Portada\",\"item\":\"https:\/\/www.sercore.com\/en\/home-2\/\"},{\"@type\":\"ListItem\",\"position\":2,\"name\":\"Logistics distribution\"}]},{\"@type\":\"WebSite\",\"@id\":\"https:\/\/www.sercore.com\/#website\",\"url\":\"https:\/\/www.sercore.com\/\",\"name\":\"Grupo Sercore\",\"description\":\"Bienvenidos a Sercore\",\"potentialAction\":[{\"@type\":\"SearchAction\",\"target\":{\"@type\":\"EntryPoint\",\"urlTemplate\":\"https:\/\/www.sercore.com\/?s={search_term_string}\"},\"query-input\":{\"@type\":\"PropertyValueSpecification\",\"valueRequired\":true,\"valueName\":\"search_term_string\"}}],\"inLanguage\":\"en-US\"}]}<\/script>\n<!-- \/ Yoast SEO plugin. -->","yoast_head_json":{"title":"Logistics distribution - Grupo Sercore","robots":{"index":"index","follow":"follow","max-snippet":"max-snippet:-1","max-image-preview":"max-image-preview:large","max-video-preview":"max-video-preview:-1"},"canonical":"https:\/\/www.sercore.com\/en\/logistics-distribution\/","og_locale":"en_US","og_type":"article","og_title":"Logistics distribution - Grupo Sercore","og_description":"[vc_row row_height_percent=&#8221;60&#8243; back_image=&#8221;11&#8243; overlay_color=&#8221;color-wayh&#8221; overlay_alpha=&#8221;100&#8243; gutter_size=&#8221;3&#8243; column_width_percent=&#8221;100&#8243; shift_y=&#8221;0&#8243; z_index=&#8221;0&#8243;][vc_column column_width_percent=&#8221;100&#8243; position_vertical=&#8221;bottom&#8221; align_horizontal=&#8221;align_center&#8221; style=&#8221;dark&#8221; overlay_alpha=&#8221;50&#8243; gutter_size=&#8221;3&#8243; medium_width=&#8221;0&#8243; mobile_width=&#8221;0&#8243; shift_x=&#8221;0&#8243; shift_y=&#8221;0&#8243; shift_y_down=&#8221;0&#8243; [&hellip;]","og_url":"https:\/\/www.sercore.com\/en\/logistics-distribution\/","og_site_name":"Grupo Sercore","twitter_card":"summary_large_image","twitter_misc":{"Est. reading time":"7 minutes"},"schema":{"@context":"https:\/\/schema.org","@graph":[{"@type":"WebPage","@id":"https:\/\/www.sercore.com\/en\/logistics-distribution\/","url":"https:\/\/www.sercore.com\/en\/logistics-distribution\/","name":"Logistics distribution - Grupo Sercore","isPartOf":{"@id":"https:\/\/www.sercore.com\/#website"},"datePublished":"2019-10-18T11:27:53+00:00","breadcrumb":{"@id":"https:\/\/www.sercore.com\/en\/logistics-distribution\/#breadcrumb"},"inLanguage":"en-US","potentialAction":[{"@type":"ReadAction","target":["https:\/\/www.sercore.com\/en\/logistics-distribution\/"]}]},{"@type":"BreadcrumbList","@id":"https:\/\/www.sercore.com\/en\/logistics-distribution\/#breadcrumb","itemListElement":[{"@type":"ListItem","position":1,"name":"Portada","item":"https:\/\/www.sercore.com\/en\/home-2\/"},{"@type":"ListItem","position":2,"name":"Logistics distribution"}]},{"@type":"WebSite","@id":"https:\/\/www.sercore.com\/#website","url":"https:\/\/www.sercore.com\/","name":"Grupo Sercore","description":"Bienvenidos a Sercore","potentialAction":[{"@type":"SearchAction","target":{"@type":"EntryPoint","urlTemplate":"https:\/\/www.sercore.com\/?s={search_term_string}"},"query-input":{"@type":"PropertyValueSpecification","valueRequired":true,"valueName":"search_term_string"}}],"inLanguage":"en-US"}]}},"_links":{"self":[{"href":"https:\/\/www.sercore.com\/en\/wp-json\/wp\/v2\/pages\/73181","targetHints":{"allow":["GET"]}}],"collection":[{"href":"https:\/\/www.sercore.com\/en\/wp-json\/wp\/v2\/pages"}],"about":[{"href":"https:\/\/www.sercore.com\/en\/wp-json\/wp\/v2\/types\/page"}],"author":[{"embeddable":true,"href":"https:\/\/www.sercore.com\/en\/wp-json\/wp\/v2\/users\/2"}],"replies":[{"embeddable":true,"href":"https:\/\/www.sercore.com\/en\/wp-json\/wp\/v2\/comments?post=73181"}],"version-history":[{"count":1,"href":"https:\/\/www.sercore.com\/en\/wp-json\/wp\/v2\/pages\/73181\/revisions"}],"predecessor-version":[{"id":73190,"href":"https:\/\/www.sercore.com\/en\/wp-json\/wp\/v2\/pages\/73181\/revisions\/73190"}],"wp:attachment":[{"href":"https:\/\/www.sercore.com\/en\/wp-json\/wp\/v2\/media?parent=73181"}],"curies":[{"name":"wp","href":"https:\/\/api.w.org\/{rel}","templated":true}]}}