{"id":76246,"date":"2024-10-07T18:12:52","date_gmt":"2024-10-07T16:12:52","guid":{"rendered":"https:\/\/www.sercore.com\/?page_id=76246"},"modified":"2025-05-30T22:33:18","modified_gmt":"2025-05-30T20:33:18","slug":"qualitat-und-umwelt","status":"publish","type":"page","link":"https:\/\/www.sercore.com\/de\/qualitat-und-umwelt\/","title":{"rendered":"Qualit\u00e4t und Umwelt"},"content":{"rendered":"<div class=\"wpb-content-wrapper\"><p>[vc_row row_height_percent=&#8220;0&#8243; back_image=&#8220;76254&#8243; back_repeat=&#8220;no-repeat&#8220; back_position=&#8220;right center&#8220; overlay_alpha=&#8220;0&#8243; gutter_size=&#8220;3&#8243; column_width_percent=&#8220;100&#8243; shift_y=&#8220;0&#8243; z_index=&#8220;0&#8243; medium_visibility=&#8220;yes&#8220; mobile_visibility=&#8220;yes&#8220; content_parallax=&#8220;0&#8243; uncode_shortcode_id=&#8220;973660&#8243; row_height_pixel=&#8220;500px&#8220;][vc_column column_width_percent=&#8220;100&#8243; position_vertical=&#8220;middle&#8220; gutter_size=&#8220;3&#8243; overlay_alpha=&#8220;50&#8243; shift_x=&#8220;0&#8243; shift_y=&#8220;0&#8243; shift_y_down=&#8220;0&#8243; z_index=&#8220;0&#8243; medium_width=&#8220;0&#8243; mobile_width=&#8220;0&#8243; width=&#8220;2\/3&#8243; css=&#8220;.vc_custom_1727464811739{padding-top: 50px !important;}&#8220; uncode_shortcode_id=&#8220;338071&#8243;][vc_single_image media=&#8220;73381&#8243; media_width_percent=&#8220;24&#8243; uncode_shortcode_id=&#8220;144331&#8243;][vc_custom_heading text_color=&#8220;color-xsdn&#8220; heading_semantic=&#8220;h1&#8243; text_font=&#8220;font-188119&#8243; text_size=&#8220;fontsize-45&#8243; text_weight=&#8220;900&#8243; text_transform=&#8220;uppercase&#8220; text_height=&#8220;&#8220; text_space=&#8220;&#8220; uncode_shortcode_id=&#8220;210380&#8243; text_color_type=&#8220;uncode-palette&#8220;]Qualit\u00e4t und Umwelt[\/vc_custom_heading][\/vc_column][\/vc_row][vc_row row_height_percent=&#8220;0&#8243; back_image=&#8220;76254&#8243; back_repeat=&#8220;no-repeat&#8220; back_position=&#8220;right center&#8220; overlay_color=&#8220;color-jevc&#8220; overlay_alpha=&#8220;45&#8243; gutter_size=&#8220;3&#8243; column_width_percent=&#8220;100&#8243; shift_y=&#8220;0&#8243; z_index=&#8220;0&#8243; desktop_visibility=&#8220;yes&#8220; content_parallax=&#8220;0&#8243; uncode_shortcode_id=&#8220;119183&#8243; row_height_pixel=&#8220;300px&#8220; overlay_color_type=&#8220;uncode-palette&#8220;][vc_column column_width_percent=&#8220;100&#8243; position_vertical=&#8220;middle&#8220; align_horizontal=&#8220;align_center&#8220; gutter_size=&#8220;3&#8243; overlay_alpha=&#8220;50&#8243; shift_x=&#8220;0&#8243; shift_y=&#8220;0&#8243; shift_y_down=&#8220;0&#8243; z_index=&#8220;0&#8243; medium_width=&#8220;0&#8243; mobile_width=&#8220;0&#8243; width=&#8220;2\/3&#8243; css=&#8220;.vc_custom_1727467554578{padding-top: 50px !important;}&#8220; uncode_shortcode_id=&#8220;130914&#8243;][vc_single_image media=&#8220;73381&#8243; media_width_percent=&#8220;57&#8243; alignment=&#8220;center&#8220; uncode_shortcode_id=&#8220;182671&#8243;][vc_custom_heading text_color=&#8220;color-xsdn&#8220; heading_semantic=&#8220;h1&#8243; text_font=&#8220;font-188119&#8243; text_size=&#8220;fontsize-45&#8243; text_weight=&#8220;900&#8243; text_height=&#8220;&#8220; text_space=&#8220;&#8220; uncode_shortcode_id=&#8220;636981&#8243; text_color_type=&#8220;uncode-palette&#8220;]CALIDAD Y MEDIO AMBIENTE[\/vc_custom_heading][\/vc_column][\/vc_row][vc_row unlock_row_content=&#8220;yes&#8220; row_height_percent=&#8220;0&#8243; overlay_alpha=&#8220;50&#8243; gutter_size=&#8220;3&#8243; column_width_percent=&#8220;100&#8243; shift_y=&#8220;0&#8243; z_index=&#8220;0&#8243; inverted_device_order=&#8220;yes&#8220; content_parallax=&#8220;0&#8243; uncode_shortcode_id=&#8220;977050&#8243;][vc_column column_width_percent=&#8220;100&#8243; align_horizontal=&#8220;align_center&#8220; gutter_size=&#8220;3&#8243; overlay_alpha=&#8220;50&#8243; shift_x=&#8220;0&#8243; shift_y=&#8220;0&#8243; shift_y_down=&#8220;0&#8243; z_index=&#8220;0&#8243; medium_width=&#8220;0&#8243; mobile_width=&#8220;0&#8243; width=&#8220;1\/2&#8243;][vc_single_image media=&#8220;76281&#8243; media_width_percent=&#8220;100&#8243; uncode_shortcode_id=&#8220;736456&#8243;][\/vc_column][vc_column width=&#8220;1\/2&#8243;][vc_custom_heading text_color=&#8220;color-wayh&#8220; heading_semantic=&#8220;h1&#8243; text_font=&#8220;font-188119&#8243; text_size=&#8220;fontsize-39&#8243; text_weight=&#8220;900&#8243; text_height=&#8220;&#8220; text_space=&#8220;&#8220; uncode_shortcode_id=&#8220;155262&#8243; text_color_type=&#8220;uncode-palette&#8220;]Unser Engagement und unsere Hingabe[\/vc_custom_heading][vc_column_text uncode_shortcode_id=&#8220;223703&#8243;]Die Sercore-Gruppe spielt eine Schl\u00fcsselrolle beim Umweltschutz durch die Wiederaufbereitung von Ersatzteilen f\u00fcr Autos. Durch Reduzierung, Wiederverwendung und Recycling gebrauchter Teile in ihren Originalzustand verringert Sercore erheblich die Notwendigkeit, neue Komponenten herzustellen, und senkt den Verbrauch von Rohstoffen und Energie. Dieser Prozess minimiert auch die Abfallproduktion und den CO2-Fu\u00dfabdruck und f\u00f6rdert eine nachhaltigere Kreislaufwirtschaft. Auf diese Weise bietet Sercore nicht nur eine effiziente und qualitativ hochwertige L\u00f6sung f\u00fcr den Automobilsektor, sondern tr\u00e4gt auch aktiv zur Erhaltung der Umwelt bei.<br \/>\nWir sind Teil des Wandels und stolz darauf![\/vc_column_text][vc_single_image media=&#8220;76483&#8243; media_width_percent=&#8220;46&#8243; uncode_shortcode_id=&#8220;154976&#8243;][vc_button button_color=&#8220;color-823184&#8243; size=&#8220;btn-sm&#8220; border_width=&#8220;0&#8243; link=&#8220;url:https%3A%2F%2Fwww.sercore.com%2Fwp-content%2Fuploads%2F2025%2F05%2F00020621-001-16949-SPAES-IATF.pdf|target:_blank&#8220; button_color_type=&#8220;uncode-palette&#8220; uncode_shortcode_id=&#8220;579139&#8243; icon=&#8220;fa fa-download&#8220;]Zertifikat IATF 16949-2016[\/vc_button][vc_button button_color=&#8220;color-823184&#8243; size=&#8220;btn-sm&#8220; border_width=&#8220;0&#8243; link=&#8220;url:https%3A%2F%2Fwww.sercore.com%2Fwp-content%2Fuploads%2F2025%2F02%2F00048074-EMS-SPAES-UKAS.pdf|target:_blank&#8220; button_color_type=&#8220;uncode-palette&#8220; uncode_shortcode_id=&#8220;212310&#8243; icon=&#8220;fa fa-download&#8220;]Zertifikat ISO 14001[\/vc_button][vc_button button_color=&#8220;color-166592&#8243; size=&#8220;btn-sm&#8220; border_width=&#8220;0&#8243; link=&#8220;url:https%3A%2F%2Fwww.sercore.com%2Fwp-content%2Fuploads%2F2024%2F09%2FPolitica_Medio-Ambiente.pdf%20|target:_blank&#8220; button_color_type=&#8220;uncode-palette&#8220; uncode_shortcode_id=&#8220;128400&#8243; icon=&#8220;fa fa-download&#8220;]Umweltpolitik[\/vc_button][\/vc_column][\/vc_row]<\/p>\n<\/div>","protected":false},"excerpt":{"rendered":"<p>[vc_row row_height_percent=&#8220;0&#8243; back_image=&#8220;76254&#8243; back_repeat=&#8220;no-repeat&#8220; back_position=&#8220;right center&#8220; overlay_alpha=&#8220;0&#8243; gutter_size=&#8220;3&#8243; column_width_percent=&#8220;100&#8243; shift_y=&#8220;0&#8243; z_index=&#8220;0&#8243; medium_visibility=&#8220;yes&#8220; mobile_visibility=&#8220;yes&#8220; content_parallax=&#8220;0&#8243; uncode_shortcode_id=&#8220;973660&#8243; row_height_pixel=&#8220;500px&#8220;][vc_column column_width_percent=&#8220;100&#8243; position_vertical=&#8220;middle&#8220; gutter_size=&#8220;3&#8243; overlay_alpha=&#8220;50&#8243; [&hellip;]<\/p>\n","protected":false},"author":2,"featured_media":0,"parent":0,"menu_order":0,"comment_status":"closed","ping_status":"closed","template":"","meta":{"footnotes":""},"class_list":["post-76246","page","type-page","status-publish","hentry"],"yoast_head":"<!-- This site is optimized with the Yoast SEO plugin v25.4 - https:\/\/yoast.com\/wordpress\/plugins\/seo\/ -->\n<title>Qualit\u00e4t und Umwelt<\/title>\n<meta name=\"robots\" content=\"index, follow, max-snippet:-1, max-image-preview:large, max-video-preview:-1\" \/>\n<link rel=\"canonical\" href=\"https:\/\/www.sercore.com\/de\/qualitat-und-umwelt\/\" \/>\n<meta property=\"og:locale\" content=\"de_DE\" \/>\n<meta property=\"og:type\" content=\"article\" \/>\n<meta property=\"og:title\" content=\"Qualit\u00e4t und Umwelt\" \/>\n<meta property=\"og:description\" content=\"[vc_row row_height_percent=&#8220;0&#8243; back_image=&#8220;76254&#8243; back_repeat=&#8220;no-repeat&#8220; back_position=&#8220;right center&#8220; overlay_alpha=&#8220;0&#8243; gutter_size=&#8220;3&#8243; column_width_percent=&#8220;100&#8243; shift_y=&#8220;0&#8243; z_index=&#8220;0&#8243; medium_visibility=&#8220;yes&#8220; mobile_visibility=&#8220;yes&#8220; content_parallax=&#8220;0&#8243; uncode_shortcode_id=&#8220;973660&#8243; row_height_pixel=&#8220;500px&#8220;][vc_column column_width_percent=&#8220;100&#8243; position_vertical=&#8220;middle&#8220; gutter_size=&#8220;3&#8243; overlay_alpha=&#8220;50&#8243; [&hellip;]\" \/>\n<meta property=\"og:url\" content=\"https:\/\/www.sercore.com\/de\/qualitat-und-umwelt\/\" \/>\n<meta property=\"og:site_name\" content=\"Grupo Sercore\" \/>\n<meta property=\"article:modified_time\" content=\"2025-05-30T20:33:18+00:00\" \/>\n<meta name=\"twitter:card\" content=\"summary_large_image\" \/>\n<meta name=\"twitter:label1\" content=\"Gesch\u00e4tzte Lesezeit\" \/>\n\t<meta name=\"twitter:data1\" content=\"2\u00a0Minuten\" \/>\n<script type=\"application\/ld+json\" class=\"yoast-schema-graph\">{\"@context\":\"https:\/\/schema.org\",\"@graph\":[{\"@type\":\"WebPage\",\"@id\":\"https:\/\/www.sercore.com\/de\/qualitat-und-umwelt\/\",\"url\":\"https:\/\/www.sercore.com\/de\/qualitat-und-umwelt\/\",\"name\":\"Qualit\u00e4t und Umwelt\",\"isPartOf\":{\"@id\":\"https:\/\/www.sercore.com\/#website\"},\"datePublished\":\"2024-10-07T16:12:52+00:00\",\"dateModified\":\"2025-05-30T20:33:18+00:00\",\"breadcrumb\":{\"@id\":\"https:\/\/www.sercore.com\/de\/qualitat-und-umwelt\/#breadcrumb\"},\"inLanguage\":\"de\",\"potentialAction\":[{\"@type\":\"ReadAction\",\"target\":[\"https:\/\/www.sercore.com\/de\/qualitat-und-umwelt\/\"]}]},{\"@type\":\"BreadcrumbList\",\"@id\":\"https:\/\/www.sercore.com\/de\/qualitat-und-umwelt\/#breadcrumb\",\"itemListElement\":[{\"@type\":\"ListItem\",\"position\":1,\"name\":\"Portada\",\"item\":\"https:\/\/www.sercore.com\/de\/startseite\/\"},{\"@type\":\"ListItem\",\"position\":2,\"name\":\"Qualit\u00e4t und Umwelt\"}]},{\"@type\":\"WebSite\",\"@id\":\"https:\/\/www.sercore.com\/#website\",\"url\":\"https:\/\/www.sercore.com\/\",\"name\":\"Grupo Sercore\",\"description\":\"Bienvenidos a Sercore\",\"potentialAction\":[{\"@type\":\"SearchAction\",\"target\":{\"@type\":\"EntryPoint\",\"urlTemplate\":\"https:\/\/www.sercore.com\/?s={search_term_string}\"},\"query-input\":{\"@type\":\"PropertyValueSpecification\",\"valueRequired\":true,\"valueName\":\"search_term_string\"}}],\"inLanguage\":\"de\"}]}<\/script>\n<!-- \/ Yoast SEO plugin. -->","yoast_head_json":{"title":"Qualit\u00e4t und Umwelt","robots":{"index":"index","follow":"follow","max-snippet":"max-snippet:-1","max-image-preview":"max-image-preview:large","max-video-preview":"max-video-preview:-1"},"canonical":"https:\/\/www.sercore.com\/de\/qualitat-und-umwelt\/","og_locale":"de_DE","og_type":"article","og_title":"Qualit\u00e4t und Umwelt","og_description":"[vc_row row_height_percent=&#8220;0&#8243; back_image=&#8220;76254&#8243; back_repeat=&#8220;no-repeat&#8220; back_position=&#8220;right center&#8220; overlay_alpha=&#8220;0&#8243; gutter_size=&#8220;3&#8243; column_width_percent=&#8220;100&#8243; shift_y=&#8220;0&#8243; z_index=&#8220;0&#8243; medium_visibility=&#8220;yes&#8220; mobile_visibility=&#8220;yes&#8220; content_parallax=&#8220;0&#8243; uncode_shortcode_id=&#8220;973660&#8243; row_height_pixel=&#8220;500px&#8220;][vc_column column_width_percent=&#8220;100&#8243; position_vertical=&#8220;middle&#8220; gutter_size=&#8220;3&#8243; overlay_alpha=&#8220;50&#8243; [&hellip;]","og_url":"https:\/\/www.sercore.com\/de\/qualitat-und-umwelt\/","og_site_name":"Grupo Sercore","article_modified_time":"2025-05-30T20:33:18+00:00","twitter_card":"summary_large_image","twitter_misc":{"Gesch\u00e4tzte Lesezeit":"2\u00a0Minuten"},"schema":{"@context":"https:\/\/schema.org","@graph":[{"@type":"WebPage","@id":"https:\/\/www.sercore.com\/de\/qualitat-und-umwelt\/","url":"https:\/\/www.sercore.com\/de\/qualitat-und-umwelt\/","name":"Qualit\u00e4t und Umwelt","isPartOf":{"@id":"https:\/\/www.sercore.com\/#website"},"datePublished":"2024-10-07T16:12:52+00:00","dateModified":"2025-05-30T20:33:18+00:00","breadcrumb":{"@id":"https:\/\/www.sercore.com\/de\/qualitat-und-umwelt\/#breadcrumb"},"inLanguage":"de","potentialAction":[{"@type":"ReadAction","target":["https:\/\/www.sercore.com\/de\/qualitat-und-umwelt\/"]}]},{"@type":"BreadcrumbList","@id":"https:\/\/www.sercore.com\/de\/qualitat-und-umwelt\/#breadcrumb","itemListElement":[{"@type":"ListItem","position":1,"name":"Portada","item":"https:\/\/www.sercore.com\/de\/startseite\/"},{"@type":"ListItem","position":2,"name":"Qualit\u00e4t und Umwelt"}]},{"@type":"WebSite","@id":"https:\/\/www.sercore.com\/#website","url":"https:\/\/www.sercore.com\/","name":"Grupo Sercore","description":"Bienvenidos a Sercore","potentialAction":[{"@type":"SearchAction","target":{"@type":"EntryPoint","urlTemplate":"https:\/\/www.sercore.com\/?s={search_term_string}"},"query-input":{"@type":"PropertyValueSpecification","valueRequired":true,"valueName":"search_term_string"}}],"inLanguage":"de"}]}},"_links":{"self":[{"href":"https:\/\/www.sercore.com\/de\/wp-json\/wp\/v2\/pages\/76246","targetHints":{"allow":["GET"]}}],"collection":[{"href":"https:\/\/www.sercore.com\/de\/wp-json\/wp\/v2\/pages"}],"about":[{"href":"https:\/\/www.sercore.com\/de\/wp-json\/wp\/v2\/types\/page"}],"author":[{"embeddable":true,"href":"https:\/\/www.sercore.com\/de\/wp-json\/wp\/v2\/users\/2"}],"replies":[{"embeddable":true,"href":"https:\/\/www.sercore.com\/de\/wp-json\/wp\/v2\/comments?post=76246"}],"version-history":[{"count":5,"href":"https:\/\/www.sercore.com\/de\/wp-json\/wp\/v2\/pages\/76246\/revisions"}],"predecessor-version":[{"id":76563,"href":"https:\/\/www.sercore.com\/de\/wp-json\/wp\/v2\/pages\/76246\/revisions\/76563"}],"wp:attachment":[{"href":"https:\/\/www.sercore.com\/de\/wp-json\/wp\/v2\/media?parent=76246"}],"curies":[{"name":"wp","href":"https:\/\/api.w.org\/{rel}","templated":true}]}}