{"id":74138,"date":"2022-12-27T00:57:07","date_gmt":"2022-12-26T23:57:07","guid":{"rendered":"http:\/\/sercore.binarysoluciones.eu\/?page_id=74138"},"modified":"2023-01-06T20:28:05","modified_gmt":"2023-01-06T19:28:05","slug":"verkaufsbedingungen","status":"publish","type":"page","link":"https:\/\/www.sercore.com\/de\/verkaufsbedingungen\/","title":{"rendered":"Verkaufsbedingungen"},"content":{"rendered":"<div class=\"wpb-content-wrapper\"><p>[vc_row row_height_percent=&#8220;0&#8243; back_image=&#8220;74141&#8243; back_attachment=&#8220;fixed&#8220; back_position=&#8220;center top&#8220; overlay_color=&#8220;color-lxmt&#8220; overlay_alpha=&#8220;66&#8243; gutter_size=&#8220;3&#8243; column_width_percent=&#8220;100&#8243; shift_y=&#8220;0&#8243; z_index=&#8220;0&#8243; row_height_pixel=&#8220;500px&#8220; shape_dividers=&#8220;&#8220;][vc_column column_width_percent=&#8220;100&#8243; position_vertical=&#8220;middle&#8220; align_horizontal=&#8220;align_center&#8220; gutter_size=&#8220;3&#8243; overlay_alpha=&#8220;50&#8243; shift_x=&#8220;0&#8243; shift_y=&#8220;0&#8243; shift_y_down=&#8220;0&#8243; z_index=&#8220;0&#8243; medium_width=&#8220;0&#8243; mobile_width=&#8220;0&#8243; width=&#8220;2\/3&#8243;][vc_custom_heading heading_semantic=&#8220;h1&#8243; text_font=&#8220;font-188119&#8243; text_size=&#8220;fontsize-45&#8243; text_weight=&#8220;900&#8243; text_height=&#8220;&#8220; text_space=&#8220;&#8220; text_color=&#8220;color-wayh&#8220;]VERKAUFSBEDINGUNGEN[\/vc_custom_heading][\/vc_column][\/vc_row][vc_row row_height_percent=&#8220;0&#8243; back_color=&#8220;color-wayh&#8220; overlay_alpha=&#8220;66&#8243; equal_height=&#8220;yes&#8220; gutter_size=&#8220;3&#8243; column_width_percent=&#8220;100&#8243; shift_y=&#8220;0&#8243; z_index=&#8220;0&#8243;][vc_column column_width_percent=&#8220;100&#8243; align_horizontal=&#8220;align_center&#8220; gutter_size=&#8220;3&#8243; style=&#8220;dark&#8220; overlay_alpha=&#8220;50&#8243; shift_x=&#8220;0&#8243; shift_y=&#8220;0&#8243; shift_y_down=&#8220;0&#8243; z_index=&#8220;0&#8243; medium_width=&#8220;0&#8243; mobile_width=&#8220;0&#8243; width=&#8220;1\/3&#8243;][vc_column_text text_lead=&#8220;yes&#8220;]<strong>Die Verkaufsbedingungen beschreiben die wichtigsten Konditionen von Bestellungen, Gew\u00e4hrleistungen und R\u00fccksendungen, Transport und Altteillieferungen von Sercore Tech Produkte. Es ist eine allgemeine Klarstellung, die durch besondere Vereinbarungen ge\u00e4ndert werden kann.<\/strong>[\/vc_column_text][\/vc_column][\/vc_row][vc_row row_height_percent=&#8220;0&#8243; back_color=&#8220;color-uydo&#8220; back_image=&#8220;73696&#8243; back_attachment=&#8220;fixed&#8220; overlay_color=&#8220;color-lxmt&#8220; overlay_alpha=&#8220;66&#8243; equal_height=&#8220;yes&#8220; gutter_size=&#8220;3&#8243; column_width_percent=&#8220;100&#8243; shift_y=&#8220;0&#8243; z_index=&#8220;0&#8243;][vc_column column_width_percent=&#8220;100&#8243; gutter_size=&#8220;3&#8243; back_color=&#8220;color-xsdn&#8220; overlay_alpha=&#8220;50&#8243; shift_x=&#8220;0&#8243; shift_y=&#8220;0&#8243; shift_y_down=&#8220;0&#8243; z_index=&#8220;0&#8243; medium_width=&#8220;0&#8243; mobile_width=&#8220;0&#8243; width=&#8220;1\/3&#8243;][vc_custom_heading text_font=&#8220;font-188119&#8243; text_height=&#8220;&#8220; text_space=&#8220;&#8220;]Bestellungen[\/vc_custom_heading][vc_column_text]Sofern der Kunde keinen Altteil sendet, Sercore Tech wird den Preis als \u201dAltteilspfand\u201d f\u00fcr jedes in der Bestellung enthaltenen insgesetzten Teil in Rechnung stellen.<\/p>\n<p>Die gew\u00f6hnlichen Bestellungen sollten durch E-Mail, Fax oder unsere Webseite best\u00e4tigt werden.[\/vc_column_text][\/vc_column][vc_column column_width_percent=&#8220;100&#8243; gutter_size=&#8220;3&#8243; back_color=&#8220;color-xsdn&#8220; overlay_alpha=&#8220;50&#8243; shift_x=&#8220;0&#8243; shift_y=&#8220;0&#8243; shift_y_down=&#8220;0&#8243; z_index=&#8220;0&#8243; medium_width=&#8220;0&#8243; mobile_width=&#8220;0&#8243; width=&#8220;1\/3&#8243;][vc_custom_heading text_font=&#8220;font-188119&#8243; text_height=&#8220;&#8220; text_space=&#8220;&#8220;]Lieferungen[\/vc_custom_heading][vc_column_text]Die Transportkosten werden duch Sercore Tech angenommen, sofern es sich um Bestellungen handelt, die f\u00fcr die Iberische Halbinsel und die Balearen 1.500 \u20ac und f\u00fcr Kanarischen Inseln 2.000 \u20ac \u00fcberschreiten.<\/p>\n<p>F\u00fcr Bestellungen von ausl\u00e4ndischen Kunden Transportkosten werden duch Sercore Tech angenommen oder nicht, abh\u00e4ngig von mit den Kunden vereinbarten besonderen Bedingungen.[\/vc_column_text][\/vc_column][vc_column column_width_percent=&#8220;100&#8243; gutter_size=&#8220;3&#8243; back_color=&#8220;color-xsdn&#8220; overlay_alpha=&#8220;50&#8243; shift_x=&#8220;0&#8243; shift_y=&#8220;0&#8243; shift_y_down=&#8220;0&#8243; z_index=&#8220;0&#8243; medium_width=&#8220;0&#8243; mobile_width=&#8220;0&#8243; width=&#8220;1\/3&#8243;][vc_custom_heading text_font=&#8220;font-188119&#8243; text_height=&#8220;&#8220; text_space=&#8220;&#8220;]R\u00fccksendungenn[\/vc_custom_heading][vc_column_text]Retouren sind nicht zugelassen 24 Sunden nach dem Kauf. Dennoch, selbst wenn auch das der Fall sein sollte, es w\u00e4re eine Genehmigung von Sercore Tech erforderlich, und es umfast ein Geb\u00fchr von 3 bis 6 Euros f\u00fcr jeden St\u00fcck (abh\u00e4ngig von der Materialtyp) im Konzept von \u00dcberpr\u00fcfung, Umpackung und Transport.[\/vc_column_text][\/vc_column][\/vc_row][vc_row row_height_percent=&#8220;0&#8243; back_color=&#8220;color-uydo&#8220; back_image=&#8220;73696&#8243; back_attachment=&#8220;fixed&#8220; overlay_color=&#8220;color-lxmt&#8220; overlay_alpha=&#8220;66&#8243; equal_height=&#8220;yes&#8220; gutter_size=&#8220;3&#8243; column_width_percent=&#8220;100&#8243; shift_y=&#8220;0&#8243; z_index=&#8220;0&#8243;][vc_column column_width_percent=&#8220;100&#8243; gutter_size=&#8220;3&#8243; back_color=&#8220;color-xsdn&#8220; overlay_alpha=&#8220;50&#8243; shift_x=&#8220;0&#8243; shift_y=&#8220;0&#8243; shift_y_down=&#8220;0&#8243; z_index=&#8220;0&#8243; medium_width=&#8220;0&#8243; mobile_width=&#8220;0&#8243; width=&#8220;1\/3&#8243;][vc_custom_heading text_font=&#8220;font-188119&#8243; text_height=&#8220;&#8220; text_space=&#8220;&#8220;]Garantien[\/vc_custom_heading][vc_column_text]Das Produkt hat eine Garantie in \u00dcbereinstimmung mit den Regeln der Richtlinie 1999\/44\/CE der Europ\u00e4ischen Union. Analog zum obigen, solch eine Garantie deckt Produktionsm\u00e4ngel und Materialfehler vom Installationsdatum, die instandgesetzte Produkte, f\u00fcr einen Zeitraum von 12 Monaten oder 20.000 km, und die neue Produkte, f\u00fcr einen Zeitraum von 24 Monaten or oder 30.000 km.Um das Gew\u00e4hrleistungsrecht zu erhalten, es ist verpflichtet, dieselbe, \u00fcber die Webseite von Sercore Tech zu aktivieren.<\/p>\n<p>Die Gew\u00e4hrleistungsanspr\u00fcche von Sercore Tech Teile werden innerhalb eines Monats nach Erhalt derselbe duch unsere Kundendienst-Abteilung analysiert und gel\u00f6st. F\u00fcr alle Teile wrid ein Fachgutachten durch einen Bewertungsbericht ausgegeben.<\/p>\n<p>Die Dokumentation als Antwort auf Garantien wird per Post zugeschickt. F\u00fcr eine korrekte Diagnosestellung ist es zweckm\u00e4\u00dfig, Informationen \u00fcber das Verhalten des Teiles hinzuf\u00fcgen. Sercore Tech wird keine Teile als Garantien akzeprieren, die nach ihrer Pr\u00fcfung, wird eine korrekte Funktion festgestellt, und diese vorher kommt nach unsere Installationen ohne Dokumentation.<\/p>\n<p>Die nicht anerkannte Garantien werden der Kunde f\u00fcr einen Zeitraum von 70 Tagen ab Garantieberichtsdatum zur Verf\u00fcgung stellen. Nach Ablauf dieses Zeitraums, Sercore Tech \u00fcbernimmt keine Verantwortung f\u00fcr die Kontrolle von dieselbe, und bleibt befreit von der Verpflichtung der Teilr\u00fcckgabe.<\/p>\n<p>Wenn eine Garantie akzeptierd wird, die wurde mit einem anderen Teil von derselben Teilenummer bedeck. Nur wenn dieses Teil nicht gesendet werden konnte, wird eine Gutschrift bezahlt.<\/p>\n<p>Falls Sie irgendein Betriebsproblem erkennen, wenden Sie sich bitte an unseren Kundendienst. unser Team von Fachleuten beraten Sie per telefon, um mit der das Problem gel\u00f6st werden k\u00f6nnte, ohne dass die R\u00fccksendung des Teiles erforderlich w\u00e4re.[\/vc_column_text][\/vc_column][\/vc_row][vc_row row_height_percent=&#8220;0&#8243; back_color=&#8220;color-uydo&#8220; back_image=&#8220;73696&#8243; back_attachment=&#8220;fixed&#8220; overlay_color=&#8220;color-lxmt&#8220; overlay_alpha=&#8220;66&#8243; equal_height=&#8220;yes&#8220; gutter_size=&#8220;3&#8243; column_width_percent=&#8220;100&#8243; shift_y=&#8220;0&#8243; z_index=&#8220;0&#8243;][vc_column column_width_percent=&#8220;100&#8243; gutter_size=&#8220;3&#8243; back_color=&#8220;color-xsdn&#8220; overlay_alpha=&#8220;50&#8243; shift_x=&#8220;0&#8243; shift_y=&#8220;0&#8243; shift_y_down=&#8220;0&#8243; z_index=&#8220;0&#8243; medium_width=&#8220;0&#8243; mobile_width=&#8220;0&#8243; width=&#8220;1\/3&#8243;][vc_custom_heading text_font=&#8220;font-188119&#8243; text_height=&#8220;&#8220; text_space=&#8220;&#8220;]Lieferung und\/oder Altteilr\u00fccksendung[\/vc_custom_heading][vc_column_text]In Rechnung gestellten Altteile sind als fester Verkauf ber\u00fccksightigt, oder mit anderen Worten sind Eigentum des Kunden, und gelten die selbe R\u00fccksendungsbedingunged als jedes andere Produkt, wie im vorstehenden &#8222;R\u00fccksendungen&#8220;Unterabsatz genannt wude. Die sollten nie als Pfand mit R\u00fcckgabem\u00f6glichkeit um gutzuscheiben angesehen werden.<\/p>\n<p>Sercore Tech wird die Lieferung und\/oder Altteilr\u00fccksendung nur annehmen, wenn diese f\u00fcr ihre hintere Wiederaufbau geliefert werden, zwar um die Logistik von Anlieferung und Abholung der Altteile zu erleichtern, Sercore Tech k\u00f6nnte instandgesetzte Produkte vorw\u00e4rtsbringen, und den Instandsetzungsperis zusammen mit Altteilpreis in Rechnung stellen, und danach die genannte Altteile gutschreiben, deren Pfand vorausbezahlen wurde. Der maximale Zeitraum was Sercore Tech festlegt, um diese vorher berechnete Altteile gutzuschreiben, ist 24 Monate nach Rechnungsdatum, nach diesem Zeitraum, ihre R\u00fcckzahlung wird nicht angenommen.<\/p>\n<p>Sercore Tech verfolgt jede gerechnete und gutgeschiebene Alteile mit alle Kunde. Um die Einhaltung von Umweltvorschriften zu sichern, nur die Teilenummer werden gutgeschrieben, deren Unteschied zwischen gerechnete und gutgeschriebene Altteile in den letzten 12 Monaten von seinem Lieferdatum eine positive Bilanz hat.<\/p>\n<p>TretenSie mit unserer Verwaltungsabteilung in Kontakt, um eiene Altteilr\u00fccksendung zubitten. Ein LKW wird \u00a0innerhalb einige Tageum die Tiele abzuholen und nach Sercore Tech zu lliefern.<\/p>\n<div>DieWaren sollten entsprechend verpackt und gekennzeichnet weden, mit Herkunftgemarkt und mit Liste von Teilenummer beigef\u00fcgt. Alle Altteile sollen imOriginalzustand verpackt werden, in der Verpackung, die siene R\u00fccksendungverursacht hat, f\u00fcr sein Verfahren und Gutschrift als solche, im Gegenteil wirddie als Abfall betrachtet.<\/div>\n<p>[\/vc_column_text][\/vc_column][\/vc_row]<\/p>\n<\/div>","protected":false},"excerpt":{"rendered":"<p>[vc_row row_height_percent=&#8220;0&#8243; back_image=&#8220;74141&#8243; back_attachment=&#8220;fixed&#8220; back_position=&#8220;center top&#8220; overlay_color=&#8220;color-lxmt&#8220; overlay_alpha=&#8220;66&#8243; gutter_size=&#8220;3&#8243; column_width_percent=&#8220;100&#8243; shift_y=&#8220;0&#8243; z_index=&#8220;0&#8243; row_height_pixel=&#8220;500px&#8220; shape_dividers=&#8220;&#8220;][vc_column column_width_percent=&#8220;100&#8243; position_vertical=&#8220;middle&#8220; align_horizontal=&#8220;align_center&#8220; gutter_size=&#8220;3&#8243; overlay_alpha=&#8220;50&#8243; shift_x=&#8220;0&#8243; [&hellip;]<\/p>\n","protected":false},"author":2,"featured_media":0,"parent":0,"menu_order":0,"comment_status":"closed","ping_status":"closed","template":"","meta":{"footnotes":""},"class_list":["post-74138","page","type-page","status-publish","hentry"],"yoast_head":"<!-- This site is optimized with the Yoast SEO plugin v25.4 - https:\/\/yoast.com\/wordpress\/plugins\/seo\/ -->\n<title>Verkaufsbedingungen<\/title>\n<meta name=\"robots\" content=\"index, follow, max-snippet:-1, max-image-preview:large, max-video-preview:-1\" \/>\n<link rel=\"canonical\" href=\"https:\/\/www.sercore.com\/de\/verkaufsbedingungen\/\" \/>\n<meta property=\"og:locale\" content=\"de_DE\" \/>\n<meta property=\"og:type\" content=\"article\" \/>\n<meta property=\"og:title\" content=\"Verkaufsbedingungen\" \/>\n<meta property=\"og:description\" content=\"[vc_row row_height_percent=&#8220;0&#8243; back_image=&#8220;74141&#8243; back_attachment=&#8220;fixed&#8220; back_position=&#8220;center top&#8220; overlay_color=&#8220;color-lxmt&#8220; overlay_alpha=&#8220;66&#8243; gutter_size=&#8220;3&#8243; column_width_percent=&#8220;100&#8243; shift_y=&#8220;0&#8243; z_index=&#8220;0&#8243; row_height_pixel=&#8220;500px&#8220; shape_dividers=&#8220;&#8220;][vc_column column_width_percent=&#8220;100&#8243; position_vertical=&#8220;middle&#8220; align_horizontal=&#8220;align_center&#8220; gutter_size=&#8220;3&#8243; overlay_alpha=&#8220;50&#8243; shift_x=&#8220;0&#8243; [&hellip;]\" \/>\n<meta property=\"og:url\" content=\"https:\/\/www.sercore.com\/de\/verkaufsbedingungen\/\" \/>\n<meta property=\"og:site_name\" content=\"Grupo Sercore\" \/>\n<meta property=\"article:modified_time\" content=\"2023-01-06T19:28:05+00:00\" \/>\n<meta name=\"twitter:card\" content=\"summary_large_image\" \/>\n<meta name=\"twitter:label1\" content=\"Gesch\u00e4tzte Lesezeit\" \/>\n\t<meta name=\"twitter:data1\" content=\"4\u00a0Minuten\" \/>\n<script type=\"application\/ld+json\" class=\"yoast-schema-graph\">{\"@context\":\"https:\/\/schema.org\",\"@graph\":[{\"@type\":\"WebPage\",\"@id\":\"https:\/\/www.sercore.com\/de\/verkaufsbedingungen\/\",\"url\":\"https:\/\/www.sercore.com\/de\/verkaufsbedingungen\/\",\"name\":\"Verkaufsbedingungen\",\"isPartOf\":{\"@id\":\"https:\/\/www.sercore.com\/#website\"},\"datePublished\":\"2022-12-26T23:57:07+00:00\",\"dateModified\":\"2023-01-06T19:28:05+00:00\",\"breadcrumb\":{\"@id\":\"https:\/\/www.sercore.com\/de\/verkaufsbedingungen\/#breadcrumb\"},\"inLanguage\":\"de\",\"potentialAction\":[{\"@type\":\"ReadAction\",\"target\":[\"https:\/\/www.sercore.com\/de\/verkaufsbedingungen\/\"]}]},{\"@type\":\"BreadcrumbList\",\"@id\":\"https:\/\/www.sercore.com\/de\/verkaufsbedingungen\/#breadcrumb\",\"itemListElement\":[{\"@type\":\"ListItem\",\"position\":1,\"name\":\"Portada\",\"item\":\"https:\/\/www.sercore.com\/de\/startseite\/\"},{\"@type\":\"ListItem\",\"position\":2,\"name\":\"Verkaufsbedingungen\"}]},{\"@type\":\"WebSite\",\"@id\":\"https:\/\/www.sercore.com\/#website\",\"url\":\"https:\/\/www.sercore.com\/\",\"name\":\"Grupo Sercore\",\"description\":\"Bienvenidos a Sercore\",\"potentialAction\":[{\"@type\":\"SearchAction\",\"target\":{\"@type\":\"EntryPoint\",\"urlTemplate\":\"https:\/\/www.sercore.com\/?s={search_term_string}\"},\"query-input\":{\"@type\":\"PropertyValueSpecification\",\"valueRequired\":true,\"valueName\":\"search_term_string\"}}],\"inLanguage\":\"de\"}]}<\/script>\n<!-- \/ Yoast SEO plugin. -->","yoast_head_json":{"title":"Verkaufsbedingungen","robots":{"index":"index","follow":"follow","max-snippet":"max-snippet:-1","max-image-preview":"max-image-preview:large","max-video-preview":"max-video-preview:-1"},"canonical":"https:\/\/www.sercore.com\/de\/verkaufsbedingungen\/","og_locale":"de_DE","og_type":"article","og_title":"Verkaufsbedingungen","og_description":"[vc_row row_height_percent=&#8220;0&#8243; back_image=&#8220;74141&#8243; back_attachment=&#8220;fixed&#8220; back_position=&#8220;center top&#8220; overlay_color=&#8220;color-lxmt&#8220; overlay_alpha=&#8220;66&#8243; gutter_size=&#8220;3&#8243; column_width_percent=&#8220;100&#8243; shift_y=&#8220;0&#8243; z_index=&#8220;0&#8243; row_height_pixel=&#8220;500px&#8220; shape_dividers=&#8220;&#8220;][vc_column column_width_percent=&#8220;100&#8243; position_vertical=&#8220;middle&#8220; align_horizontal=&#8220;align_center&#8220; gutter_size=&#8220;3&#8243; overlay_alpha=&#8220;50&#8243; shift_x=&#8220;0&#8243; [&hellip;]","og_url":"https:\/\/www.sercore.com\/de\/verkaufsbedingungen\/","og_site_name":"Grupo Sercore","article_modified_time":"2023-01-06T19:28:05+00:00","twitter_card":"summary_large_image","twitter_misc":{"Gesch\u00e4tzte Lesezeit":"4\u00a0Minuten"},"schema":{"@context":"https:\/\/schema.org","@graph":[{"@type":"WebPage","@id":"https:\/\/www.sercore.com\/de\/verkaufsbedingungen\/","url":"https:\/\/www.sercore.com\/de\/verkaufsbedingungen\/","name":"Verkaufsbedingungen","isPartOf":{"@id":"https:\/\/www.sercore.com\/#website"},"datePublished":"2022-12-26T23:57:07+00:00","dateModified":"2023-01-06T19:28:05+00:00","breadcrumb":{"@id":"https:\/\/www.sercore.com\/de\/verkaufsbedingungen\/#breadcrumb"},"inLanguage":"de","potentialAction":[{"@type":"ReadAction","target":["https:\/\/www.sercore.com\/de\/verkaufsbedingungen\/"]}]},{"@type":"BreadcrumbList","@id":"https:\/\/www.sercore.com\/de\/verkaufsbedingungen\/#breadcrumb","itemListElement":[{"@type":"ListItem","position":1,"name":"Portada","item":"https:\/\/www.sercore.com\/de\/startseite\/"},{"@type":"ListItem","position":2,"name":"Verkaufsbedingungen"}]},{"@type":"WebSite","@id":"https:\/\/www.sercore.com\/#website","url":"https:\/\/www.sercore.com\/","name":"Grupo Sercore","description":"Bienvenidos a Sercore","potentialAction":[{"@type":"SearchAction","target":{"@type":"EntryPoint","urlTemplate":"https:\/\/www.sercore.com\/?s={search_term_string}"},"query-input":{"@type":"PropertyValueSpecification","valueRequired":true,"valueName":"search_term_string"}}],"inLanguage":"de"}]}},"_links":{"self":[{"href":"https:\/\/www.sercore.com\/de\/wp-json\/wp\/v2\/pages\/74138","targetHints":{"allow":["GET"]}}],"collection":[{"href":"https:\/\/www.sercore.com\/de\/wp-json\/wp\/v2\/pages"}],"about":[{"href":"https:\/\/www.sercore.com\/de\/wp-json\/wp\/v2\/types\/page"}],"author":[{"embeddable":true,"href":"https:\/\/www.sercore.com\/de\/wp-json\/wp\/v2\/users\/2"}],"replies":[{"embeddable":true,"href":"https:\/\/www.sercore.com\/de\/wp-json\/wp\/v2\/comments?post=74138"}],"version-history":[{"count":5,"href":"https:\/\/www.sercore.com\/de\/wp-json\/wp\/v2\/pages\/74138\/revisions"}],"predecessor-version":[{"id":74845,"href":"https:\/\/www.sercore.com\/de\/wp-json\/wp\/v2\/pages\/74138\/revisions\/74845"}],"wp:attachment":[{"href":"https:\/\/www.sercore.com\/de\/wp-json\/wp\/v2\/media?parent=74138"}],"curies":[{"name":"wp","href":"https:\/\/api.w.org\/{rel}","templated":true}]}}