{"id":74128,"date":"2022-12-27T00:50:01","date_gmt":"2022-12-26T23:50:01","guid":{"rendered":"http:\/\/sercore.binarysoluciones.eu\/?page_id=74128"},"modified":"2023-06-09T20:14:24","modified_gmt":"2023-06-09T18:14:24","slug":"montageanleitung","status":"publish","type":"page","link":"https:\/\/www.sercore.com\/de\/montageanleitung\/","title":{"rendered":"Montageanleitung"},"content":{"rendered":"<div class=\"wpb-content-wrapper\"><p>[vc_row row_height_percent=&#8220;0&#8243; back_image=&#8220;74829&#8243; back_position=&#8220;center bottom&#8220; overlay_alpha=&#8220;50&#8243; gutter_size=&#8220;3&#8243; column_width_percent=&#8220;100&#8243; shift_y=&#8220;0&#8243; z_index=&#8220;0&#8243; row_height_pixel=&#8220;500px&#8220;][vc_column column_width_percent=&#8220;100&#8243; align_horizontal=&#8220;align_center&#8220; gutter_size=&#8220;3&#8243; overlay_alpha=&#8220;50&#8243; shift_x=&#8220;0&#8243; shift_y=&#8220;0&#8243; shift_y_down=&#8220;0&#8243; z_index=&#8220;0&#8243; medium_width=&#8220;0&#8243; mobile_width=&#8220;0&#8243; width=&#8220;2\/3&#8243; css=&#8220;.vc_custom_1670365894115{padding-top: 50px !important;}&#8220;][vc_custom_heading heading_semantic=&#8220;h1&#8243; text_font=&#8220;font-188119&#8243; text_size=&#8220;fontsize-45&#8243; text_weight=&#8220;900&#8243; text_height=&#8220;&#8220; text_space=&#8220;&#8220; text_color=&#8220;color-wayh&#8220;]MONTAGEANLEITUNG[\/vc_custom_heading][\/vc_column][\/vc_row][vc_row unlock_row_content=&#8220;yes&#8220; row_height_percent=&#8220;0&#8243; overlay_alpha=&#8220;50&#8243; gutter_size=&#8220;3&#8243; column_width_percent=&#8220;100&#8243; shift_y=&#8220;0&#8243; z_index=&#8220;0&#8243;][vc_column column_width_percent=&#8220;100&#8243; align_horizontal=&#8220;align_center&#8220; gutter_size=&#8220;3&#8243; overlay_alpha=&#8220;50&#8243; shift_x=&#8220;0&#8243; shift_y=&#8220;0&#8243; shift_y_down=&#8220;0&#8243; z_index=&#8220;0&#8243; medium_width=&#8220;0&#8243; mobile_width=&#8220;0&#8243; width=&#8220;1\/1&#8243;][vc_column_text text_lead=&#8220;yes&#8220;]Wir bieten unseren Kunden einen Kundendienst an, der sich auf eine Reihe von technischen Handb\u00fcchern st\u00fctzt, einschlie\u00dflich Montageanleitungen.[\/vc_column_text][\/vc_column][\/vc_row][vc_row unlock_row_content=&#8220;yes&#8220; row_height_percent=&#8220;0&#8243; override_padding=&#8220;yes&#8220; h_padding=&#8220;5&#8243; top_padding=&#8220;2&#8243; bottom_padding=&#8220;2&#8243; overlay_alpha=&#8220;50&#8243; gutter_size=&#8220;3&#8243; column_width_percent=&#8220;100&#8243; shift_y=&#8220;0&#8243; z_index=&#8220;0&#8243;][vc_column column_width_percent=&#8220;100&#8243; align_horizontal=&#8220;align_center&#8220; gutter_size=&#8220;3&#8243; overlay_alpha=&#8220;50&#8243; shift_x=&#8220;0&#8243; shift_y=&#8220;0&#8243; shift_y_down=&#8220;0&#8243; z_index=&#8220;0&#8243; medium_width=&#8220;0&#8243; mobile_width=&#8220;0&#8243; width=&#8220;1\/3&#8243;][vc_custom_heading text_font=&#8220;font-188119&#8243; text_size=&#8220;h4&#8243; text_weight=&#8220;700&#8243; text_height=&#8220;&#8220; text_space=&#8220;&#8220; text_color=&#8220;color-823184&#8243;]Syst\u00e8mes de direction[\/vc_custom_heading][vc_single_image media=&#8220;72173&#8243; media_width_percent=&#8220;100&#8243;][vc_icon icon=&#8220;fa fa-file-pdf-o&#8220; icon_color=&#8220;accent&#8220; size=&#8220;fa-5x&#8220; heading_semantic=&#8220;h6&#8243; text_size=&#8220;&#8220; text_height=&#8220;&#8220; text_space=&#8220;&#8220; linked_title=&#8220;yes&#8220; css_animation=&#8220;zoom-out&#8220; animation_delay=&#8220;200&#8243; title=&#8220;Download&#8220; link=&#8220;url:https%3A%2F%2Fwww.sercore.com%2Fwp-content%2Fuploads%2F2022%2F12%2FRECOMENDACIONES-DE-MONTAJE-DE-DIRECCION-ASISTIDA-ALEMAN.pdf|title:home|target:_blank&#8220;][\/vc_icon][\/vc_column][vc_column column_width_percent=&#8220;100&#8243; align_horizontal=&#8220;align_center&#8220; gutter_size=&#8220;3&#8243; overlay_alpha=&#8220;50&#8243; shift_x=&#8220;0&#8243; shift_y=&#8220;0&#8243; shift_y_down=&#8220;0&#8243; z_index=&#8220;0&#8243; medium_width=&#8220;0&#8243; mobile_width=&#8220;0&#8243; width=&#8220;1\/3&#8243;][vc_custom_heading text_font=&#8220;font-188119&#8243; text_size=&#8220;h4&#8243; text_weight=&#8220;700&#8243; text_height=&#8220;&#8220; text_space=&#8220;&#8220; text_color=&#8220;color-823184&#8243;]Kompressoren f\u00fcr Klimaanlagen[\/vc_custom_heading][vc_single_image media=&#8220;72176&#8243; media_width_percent=&#8220;100&#8243;][vc_icon icon=&#8220;fa fa-file-pdf-o&#8220; icon_color=&#8220;accent&#8220; size=&#8220;fa-5x&#8220; heading_semantic=&#8220;h6&#8243; text_size=&#8220;&#8220; text_height=&#8220;&#8220; text_space=&#8220;&#8220; linked_title=&#8220;yes&#8220; css_animation=&#8220;zoom-out&#8220; animation_delay=&#8220;200&#8243; title=&#8220;Download&#8220; link=&#8220;url:https%3A%2F%2Fwww.sercore.com%2Fwp-content%2Fuploads%2F2022%2F12%2FRECOMENDACIONES-DE-MONTAJE-COMPRESORES-ALEMAN.pdf|title:home|target:_blank&#8220;][\/vc_icon][\/vc_column][vc_column column_width_percent=&#8220;100&#8243; align_horizontal=&#8220;align_center&#8220; gutter_size=&#8220;3&#8243; overlay_alpha=&#8220;50&#8243; shift_x=&#8220;0&#8243; shift_y=&#8220;0&#8243; shift_y_down=&#8220;0&#8243; z_index=&#8220;0&#8243; medium_width=&#8220;0&#8243; mobile_width=&#8220;0&#8243; width=&#8220;1\/3&#8243;][vc_custom_heading text_font=&#8220;font-188119&#8243; text_size=&#8220;h4&#8243; text_weight=&#8220;700&#8243; text_height=&#8220;&#8220; text_space=&#8220;&#8220; text_color=&#8220;color-823184&#8243;]Elektrische Lenks\u00e4ule[\/vc_custom_heading][vc_single_image media=&#8220;72177&#8243; media_width_percent=&#8220;100&#8243;][vc_icon icon=&#8220;fa fa-file-pdf-o&#8220; icon_color=&#8220;accent&#8220; size=&#8220;fa-5x&#8220; heading_semantic=&#8220;h6&#8243; text_size=&#8220;&#8220; text_height=&#8220;&#8220; text_space=&#8220;&#8220; linked_title=&#8220;yes&#8220; css_animation=&#8220;zoom-out&#8220; animation_delay=&#8220;200&#8243; title=&#8220;Download&#8220; link=&#8220;url:https%3A%2F%2Fwww.sercore.com%2Fwp-content%2Fuploads%2F2022%2F12%2FRECOMENDACIONES-DE-COLUMNAS-DE-DIRECCION-ALE.pdf|title:home|target:_blank&#8220;][\/vc_icon][\/vc_column][\/vc_row]<\/p>\n<\/div>","protected":false},"excerpt":{"rendered":"<p>[vc_row row_height_percent=&#8220;0&#8243; back_image=&#8220;74829&#8243; back_position=&#8220;center bottom&#8220; overlay_alpha=&#8220;50&#8243; gutter_size=&#8220;3&#8243; column_width_percent=&#8220;100&#8243; shift_y=&#8220;0&#8243; z_index=&#8220;0&#8243; row_height_pixel=&#8220;500px&#8220;][vc_column column_width_percent=&#8220;100&#8243; align_horizontal=&#8220;align_center&#8220; gutter_size=&#8220;3&#8243; overlay_alpha=&#8220;50&#8243; shift_x=&#8220;0&#8243; shift_y=&#8220;0&#8243; shift_y_down=&#8220;0&#8243; z_index=&#8220;0&#8243; medium_width=&#8220;0&#8243; [&hellip;]<\/p>\n","protected":false},"author":2,"featured_media":0,"parent":0,"menu_order":0,"comment_status":"closed","ping_status":"closed","template":"","meta":{"footnotes":""},"class_list":["post-74128","page","type-page","status-publish","hentry"],"yoast_head":"<!-- This site is optimized with the Yoast SEO plugin v25.4 - https:\/\/yoast.com\/wordpress\/plugins\/seo\/ -->\n<title>Montageanleitung<\/title>\n<meta name=\"robots\" content=\"index, follow, max-snippet:-1, max-image-preview:large, max-video-preview:-1\" \/>\n<link rel=\"canonical\" href=\"https:\/\/www.sercore.com\/de\/montageanleitung\/\" \/>\n<meta property=\"og:locale\" content=\"de_DE\" \/>\n<meta property=\"og:type\" content=\"article\" \/>\n<meta property=\"og:title\" content=\"Montageanleitung\" \/>\n<meta property=\"og:description\" content=\"[vc_row row_height_percent=&#8220;0&#8243; back_image=&#8220;74829&#8243; back_position=&#8220;center bottom&#8220; overlay_alpha=&#8220;50&#8243; gutter_size=&#8220;3&#8243; column_width_percent=&#8220;100&#8243; shift_y=&#8220;0&#8243; z_index=&#8220;0&#8243; row_height_pixel=&#8220;500px&#8220;][vc_column column_width_percent=&#8220;100&#8243; align_horizontal=&#8220;align_center&#8220; gutter_size=&#8220;3&#8243; overlay_alpha=&#8220;50&#8243; shift_x=&#8220;0&#8243; shift_y=&#8220;0&#8243; shift_y_down=&#8220;0&#8243; z_index=&#8220;0&#8243; medium_width=&#8220;0&#8243; [&hellip;]\" \/>\n<meta property=\"og:url\" content=\"https:\/\/www.sercore.com\/de\/montageanleitung\/\" \/>\n<meta property=\"og:site_name\" content=\"Grupo Sercore\" \/>\n<meta property=\"article:modified_time\" content=\"2023-06-09T18:14:24+00:00\" \/>\n<meta name=\"twitter:card\" content=\"summary_large_image\" \/>\n<meta name=\"twitter:label1\" content=\"Gesch\u00e4tzte Lesezeit\" \/>\n\t<meta name=\"twitter:data1\" content=\"1\u00a0Minute\" \/>\n<script type=\"application\/ld+json\" class=\"yoast-schema-graph\">{\"@context\":\"https:\/\/schema.org\",\"@graph\":[{\"@type\":\"WebPage\",\"@id\":\"https:\/\/www.sercore.com\/de\/montageanleitung\/\",\"url\":\"https:\/\/www.sercore.com\/de\/montageanleitung\/\",\"name\":\"Montageanleitung\",\"isPartOf\":{\"@id\":\"https:\/\/www.sercore.com\/#website\"},\"datePublished\":\"2022-12-26T23:50:01+00:00\",\"dateModified\":\"2023-06-09T18:14:24+00:00\",\"breadcrumb\":{\"@id\":\"https:\/\/www.sercore.com\/de\/montageanleitung\/#breadcrumb\"},\"inLanguage\":\"de\",\"potentialAction\":[{\"@type\":\"ReadAction\",\"target\":[\"https:\/\/www.sercore.com\/de\/montageanleitung\/\"]}]},{\"@type\":\"BreadcrumbList\",\"@id\":\"https:\/\/www.sercore.com\/de\/montageanleitung\/#breadcrumb\",\"itemListElement\":[{\"@type\":\"ListItem\",\"position\":1,\"name\":\"Portada\",\"item\":\"https:\/\/www.sercore.com\/de\/startseite\/\"},{\"@type\":\"ListItem\",\"position\":2,\"name\":\"Montageanleitung\"}]},{\"@type\":\"WebSite\",\"@id\":\"https:\/\/www.sercore.com\/#website\",\"url\":\"https:\/\/www.sercore.com\/\",\"name\":\"Grupo Sercore\",\"description\":\"Bienvenidos a Sercore\",\"potentialAction\":[{\"@type\":\"SearchAction\",\"target\":{\"@type\":\"EntryPoint\",\"urlTemplate\":\"https:\/\/www.sercore.com\/?s={search_term_string}\"},\"query-input\":{\"@type\":\"PropertyValueSpecification\",\"valueRequired\":true,\"valueName\":\"search_term_string\"}}],\"inLanguage\":\"de\"}]}<\/script>\n<!-- \/ Yoast SEO plugin. -->","yoast_head_json":{"title":"Montageanleitung","robots":{"index":"index","follow":"follow","max-snippet":"max-snippet:-1","max-image-preview":"max-image-preview:large","max-video-preview":"max-video-preview:-1"},"canonical":"https:\/\/www.sercore.com\/de\/montageanleitung\/","og_locale":"de_DE","og_type":"article","og_title":"Montageanleitung","og_description":"[vc_row row_height_percent=&#8220;0&#8243; back_image=&#8220;74829&#8243; back_position=&#8220;center bottom&#8220; overlay_alpha=&#8220;50&#8243; gutter_size=&#8220;3&#8243; column_width_percent=&#8220;100&#8243; shift_y=&#8220;0&#8243; z_index=&#8220;0&#8243; row_height_pixel=&#8220;500px&#8220;][vc_column column_width_percent=&#8220;100&#8243; align_horizontal=&#8220;align_center&#8220; gutter_size=&#8220;3&#8243; overlay_alpha=&#8220;50&#8243; shift_x=&#8220;0&#8243; shift_y=&#8220;0&#8243; shift_y_down=&#8220;0&#8243; z_index=&#8220;0&#8243; medium_width=&#8220;0&#8243; [&hellip;]","og_url":"https:\/\/www.sercore.com\/de\/montageanleitung\/","og_site_name":"Grupo Sercore","article_modified_time":"2023-06-09T18:14:24+00:00","twitter_card":"summary_large_image","twitter_misc":{"Gesch\u00e4tzte Lesezeit":"1\u00a0Minute"},"schema":{"@context":"https:\/\/schema.org","@graph":[{"@type":"WebPage","@id":"https:\/\/www.sercore.com\/de\/montageanleitung\/","url":"https:\/\/www.sercore.com\/de\/montageanleitung\/","name":"Montageanleitung","isPartOf":{"@id":"https:\/\/www.sercore.com\/#website"},"datePublished":"2022-12-26T23:50:01+00:00","dateModified":"2023-06-09T18:14:24+00:00","breadcrumb":{"@id":"https:\/\/www.sercore.com\/de\/montageanleitung\/#breadcrumb"},"inLanguage":"de","potentialAction":[{"@type":"ReadAction","target":["https:\/\/www.sercore.com\/de\/montageanleitung\/"]}]},{"@type":"BreadcrumbList","@id":"https:\/\/www.sercore.com\/de\/montageanleitung\/#breadcrumb","itemListElement":[{"@type":"ListItem","position":1,"name":"Portada","item":"https:\/\/www.sercore.com\/de\/startseite\/"},{"@type":"ListItem","position":2,"name":"Montageanleitung"}]},{"@type":"WebSite","@id":"https:\/\/www.sercore.com\/#website","url":"https:\/\/www.sercore.com\/","name":"Grupo Sercore","description":"Bienvenidos a Sercore","potentialAction":[{"@type":"SearchAction","target":{"@type":"EntryPoint","urlTemplate":"https:\/\/www.sercore.com\/?s={search_term_string}"},"query-input":{"@type":"PropertyValueSpecification","valueRequired":true,"valueName":"search_term_string"}}],"inLanguage":"de"}]}},"_links":{"self":[{"href":"https:\/\/www.sercore.com\/de\/wp-json\/wp\/v2\/pages\/74128","targetHints":{"allow":["GET"]}}],"collection":[{"href":"https:\/\/www.sercore.com\/de\/wp-json\/wp\/v2\/pages"}],"about":[{"href":"https:\/\/www.sercore.com\/de\/wp-json\/wp\/v2\/types\/page"}],"author":[{"embeddable":true,"href":"https:\/\/www.sercore.com\/de\/wp-json\/wp\/v2\/users\/2"}],"replies":[{"embeddable":true,"href":"https:\/\/www.sercore.com\/de\/wp-json\/wp\/v2\/comments?post=74128"}],"version-history":[{"count":9,"href":"https:\/\/www.sercore.com\/de\/wp-json\/wp\/v2\/pages\/74128\/revisions"}],"predecessor-version":[{"id":75403,"href":"https:\/\/www.sercore.com\/de\/wp-json\/wp\/v2\/pages\/74128\/revisions\/75403"}],"wp:attachment":[{"href":"https:\/\/www.sercore.com\/de\/wp-json\/wp\/v2\/media?parent=74128"}],"curies":[{"name":"wp","href":"https:\/\/api.w.org\/{rel}","templated":true}]}}